{"id":981,"date":"2019-09-03T15:22:31","date_gmt":"2019-09-03T18:22:31","guid":{"rendered":"https:\/\/www.ippasso.com.br\/site\/?page_id=981"},"modified":"2025-03-28T14:48:23","modified_gmt":"2025-03-28T17:48:23","slug":"demonstracoes-financeiras-e-contabeis","status":"publish","type":"page","link":"https:\/\/www.ippasso.com.br\/site\/demonstracoes-financeiras-e-contabeis\/","title":{"rendered":"Demonstra\u00e7\u00f5es Financeiras e Cont\u00e1beis"},"content":{"rendered":"<p>Clique no link abaixo para acessar as demonstra\u00e7\u00f5es financeiras e cont\u00e1beis do IPPASSO:<\/p>\n<p><a href=\"https:\/\/www.ippasso.com.br\/site\/wp-content\/uploads\/2021\/02\/Fincanceiro-Cont\u00e1bil-2019.pdf\">Demonstra\u00e7\u00f5es Financeiras e Cont\u00e1beis 2019<\/a><\/p>\n<p><a href=\"https:\/\/www.ippasso.com.br\/site\/wp-content\/uploads\/2021\/02\/Fincanceiro-Cont\u00e1bil-2020.pdf\">Demonstra\u00e7\u00f5es Financeiras e Cont\u00e1beis 2020<\/a><\/p>\n<p><a href=\"https:\/\/www.ippasso.com.br\/site\/wp-content\/uploads\/2023\/02\/2021-Demonstra\u00e7\u00f5es-Financeiras-e-Cont\u00e1beis.pdf\">Demonstra\u00e7\u00f5es Financeiras e Cont\u00e1beis 2021<\/a><\/p>\n<p><a href=\"https:\/\/www.ippasso.com.br\/site\/wp-content\/uploads\/2023\/02\/2022-Demonstra\u00e7\u00f5es-Financeiras-e-Cont\u00e1beis.pdf\">Demonstra\u00e7\u00f5es Financeiras e Cont\u00e1beis 2022<\/a><\/p>\n<p><a href=\"https:\/\/www.ippasso.com.br\/site\/wp-content\/uploads\/2024\/03\/IMG_20240318_0001.pdf\">Demonstra\u00e7\u00f5es Financeiras e Cont\u00e1beis 2023<\/a><\/p>\n<p><a href=\"https:\/\/www.ippasso.com.br\/site\/wp-content\/uploads\/2025\/03\/Demonstra\u00e7\u00f5es-Financeiras-e-Cont\u00e1beis-2024.pdf\">Demonstra\u00e7\u00f5es Financeiras e Cont\u00e1beis 2024<\/a><\/p>\n","protected":false},"excerpt":{"rendered":"<p>Clique no link abaixo para acessar as demonstra\u00e7\u00f5es financeiras e cont\u00e1beis do IPPASSO: Demonstra\u00e7\u00f5es Financeiras [&hellip;]<\/p>\n","protected":false},"author":1,"featured_media":0,"parent":0,"menu_order":0,"comment_status":"closed","ping_status":"closed","template":"","meta":[],"_links":{"self":[{"href":"https:\/\/www.ippasso.com.br\/site\/wp-json\/wp\/v2\/pages\/981"}],"collection":[{"href":"https:\/\/www.ippasso.com.br\/site\/wp-json\/wp\/v2\/pages"}],"about":[{"href":"https:\/\/www.ippasso.com.br\/site\/wp-json\/wp\/v2\/types\/page"}],"author":[{"embeddable":true,"href":"https:\/\/www.ippasso.com.br\/site\/wp-json\/wp\/v2\/users\/1"}],"replies":[{"embeddable":true,"href":"https:\/\/www.ippasso.com.br\/site\/wp-json\/wp\/v2\/comments?post=981"}],"version-history":[{"count":7,"href":"https:\/\/www.ippasso.com.br\/site\/wp-json\/wp\/v2\/pages\/981\/revisions"}],"predecessor-version":[{"id":2491,"href":"https:\/\/www.ippasso.com.br\/site\/wp-json\/wp\/v2\/pages\/981\/revisions\/2491"}],"wp:attachment":[{"href":"https:\/\/www.ippasso.com.br\/site\/wp-json\/wp\/v2\/media?parent=981"}],"curies":[{"name":"wp","href":"https:\/\/api.w.org\/{rel}","templated":true}]}}