{"id":978,"date":"2019-09-03T15:18:32","date_gmt":"2019-09-03T18:18:32","guid":{"rendered":"https:\/\/www.ippasso.com.br\/site\/?page_id=978"},"modified":"2026-02-26T16:39:23","modified_gmt":"2026-02-26T19:39:23","slug":"reunioes","status":"publish","type":"page","link":"https:\/\/www.ippasso.com.br\/site\/reunioes\/","title":{"rendered":"Reuni\u00f5es"},"content":{"rendered":"<p>&nbsp;<\/p>\n<p><strong>CONSELHO DELIBERATIVO:<\/strong><\/p>\n<p><strong>Pr\u00f3ximas reuni\u00f5es (14h):<\/strong><\/p>\n<p><strong>Mar\u00e7o: <\/strong>24\/03\/2026<\/p>\n<p><strong>Abril: <\/strong>23\/04\/2026<\/p>\n<div><strong>Maio:<\/strong>\u00a022\/05\/2026<\/div>\n<div><\/div>\n<div><strong>Junho:<\/strong>\u00a024\/06\/2026<\/div>\n<div><\/div>\n<div><strong>Julho:<\/strong>\u00a024\/07\/2026<\/div>\n<div><\/div>\n<div><strong>Agosto:<\/strong>\u00a025\/08\/2026<\/div>\n<div><\/div>\n<div><strong>Setembro:<\/strong>\u00a025\/09\/2026<\/div>\n<div><\/div>\n<div><strong>Outubro:<\/strong>\u00a023\/10\/2026<\/div>\n<div><\/div>\n<div><strong>Novembro:<\/strong>\u00a024\/11\/2026<\/div>\n<div><\/div>\n<div><strong>Dezembro:<\/strong>\u00a022\/12\/2026<\/div>\n<p>&nbsp;<\/p>\n<p><strong>CONSELHO FISCAL:<\/strong><\/p>\n<p><strong>Pr\u00f3ximas reuni\u00f5es (14h):<\/strong><\/p>\n<p><strong>Mar\u00e7o:<\/strong>\u00a012\/03\/2026<\/p>\n<p><strong>Maio:<\/strong>\u00a014\/05\/2026<\/p>\n<p><strong>Julho:<\/strong>\u00a016\/07\/2026<\/p>\n<p><strong>Setembro:<\/strong>\u00a017\/09\/2026<\/p>\n<p><strong>Novembro:<\/strong>\u00a019\/11\/2026<\/p>\n<p>&nbsp;<\/p>\n<p>&nbsp;<\/p>\n<p><strong>COMIT\u00ca DE INVESTIMENTOS:<\/strong><\/p>\n<p><strong>Pr\u00f3ximas reuni\u00f5es (14h):<\/strong><\/p>\n<p><strong>Mar\u00e7o<\/strong>: 20\/03\/2025<\/p>\n<p><strong>Abril<\/strong>: 23\/04\/2025<\/p>\n<div><strong>Maio:<\/strong>\u00a022\/05\/2025<\/div>\n<div><\/div>\n<div><strong>Junho:<\/strong>\u00a026\/06\/2025<\/div>\n<div><\/div>\n<div><strong>Julho:<\/strong>\u00a023\/07\/2025<\/div>\n<div><\/div>\n<div><strong>Agosto:<\/strong>\u00a020\/08\/2025<\/div>\n<div><\/div>\n<div><strong>Setembro:<\/strong>\u00a024\/09\/2025<\/div>\n<div><\/div>\n<div><strong>Outubro:<\/strong>\u00a022\/10\/2025<\/div>\n<div><\/div>\n<div><strong>Novembro:<\/strong>\u00a019\/11\/2025<\/div>\n<div><\/div>\n<div><strong>Dezembro:<\/strong>\u00a017\/12\/2025<\/div>\n","protected":false},"excerpt":{"rendered":"<p>&nbsp; CONSELHO DELIBERATIVO: Pr\u00f3ximas reuni\u00f5es (14h): Mar\u00e7o: 24\/03\/2026 Abril: 23\/04\/2026 Maio:\u00a022\/05\/2026 Junho:\u00a024\/06\/2026 Julho:\u00a024\/07\/2026 Agosto:\u00a025\/08\/2026 Setembro:\u00a025\/09\/2026 [&hellip;]<\/p>\n","protected":false},"author":1,"featured_media":0,"parent":0,"menu_order":0,"comment_status":"closed","ping_status":"closed","template":"","meta":[],"_links":{"self":[{"href":"https:\/\/www.ippasso.com.br\/site\/wp-json\/wp\/v2\/pages\/978"}],"collection":[{"href":"https:\/\/www.ippasso.com.br\/site\/wp-json\/wp\/v2\/pages"}],"about":[{"href":"https:\/\/www.ippasso.com.br\/site\/wp-json\/wp\/v2\/types\/page"}],"author":[{"embeddable":true,"href":"https:\/\/www.ippasso.com.br\/site\/wp-json\/wp\/v2\/users\/1"}],"replies":[{"embeddable":true,"href":"https:\/\/www.ippasso.com.br\/site\/wp-json\/wp\/v2\/comments?post=978"}],"version-history":[{"count":32,"href":"https:\/\/www.ippasso.com.br\/site\/wp-json\/wp\/v2\/pages\/978\/revisions"}],"predecessor-version":[{"id":2913,"href":"https:\/\/www.ippasso.com.br\/site\/wp-json\/wp\/v2\/pages\/978\/revisions\/2913"}],"wp:attachment":[{"href":"https:\/\/www.ippasso.com.br\/site\/wp-json\/wp\/v2\/media?parent=978"}],"curies":[{"name":"wp","href":"https:\/\/api.w.org\/{rel}","templated":true}]}}