{"id":962,"date":"2019-09-03T15:03:28","date_gmt":"2019-09-03T18:03:28","guid":{"rendered":"https:\/\/www.ippasso.com.br\/site\/?page_id=962"},"modified":"2019-09-03T15:03:28","modified_gmt":"2019-09-03T18:03:28","slug":"codigo-de-etica","status":"publish","type":"page","link":"https:\/\/www.ippasso.com.br\/site\/codigo-de-etica\/","title":{"rendered":"C\u00f3digo de \u00c9tica"},"content":{"rendered":"<p>Clique abaixo para acessar a Resolu\u00e7\u00e3o 001\/2019, C\u00f3digo de \u00c9tica do IPPASSO:<\/p>\n<p><a href=\"https:\/\/www.ippasso.com.br\/site\/wp-content\/uploads\/2019\/09\/RESOLU\u00c7\u00c3O-001-2019-C\u00d3DIGO-\u00c9TICA.pdf\">RESOLU\u00c7\u00c3O 001-2019 C\u00d3DIGO \u00c9TICA<\/a><\/p>\n","protected":false},"excerpt":{"rendered":"<p>Clique abaixo para acessar a Resolu\u00e7\u00e3o 001\/2019, C\u00f3digo de \u00c9tica do IPPASSO: RESOLU\u00c7\u00c3O 001-2019 C\u00d3DIGO [&hellip;]<\/p>\n","protected":false},"author":1,"featured_media":0,"parent":0,"menu_order":0,"comment_status":"closed","ping_status":"closed","template":"","meta":[],"_links":{"self":[{"href":"https:\/\/www.ippasso.com.br\/site\/wp-json\/wp\/v2\/pages\/962"}],"collection":[{"href":"https:\/\/www.ippasso.com.br\/site\/wp-json\/wp\/v2\/pages"}],"about":[{"href":"https:\/\/www.ippasso.com.br\/site\/wp-json\/wp\/v2\/types\/page"}],"author":[{"embeddable":true,"href":"https:\/\/www.ippasso.com.br\/site\/wp-json\/wp\/v2\/users\/1"}],"replies":[{"embeddable":true,"href":"https:\/\/www.ippasso.com.br\/site\/wp-json\/wp\/v2\/comments?post=962"}],"version-history":[{"count":1,"href":"https:\/\/www.ippasso.com.br\/site\/wp-json\/wp\/v2\/pages\/962\/revisions"}],"predecessor-version":[{"id":964,"href":"https:\/\/www.ippasso.com.br\/site\/wp-json\/wp\/v2\/pages\/962\/revisions\/964"}],"wp:attachment":[{"href":"https:\/\/www.ippasso.com.br\/site\/wp-json\/wp\/v2\/media?parent=962"}],"curies":[{"name":"wp","href":"https:\/\/api.w.org\/{rel}","templated":true}]}}