{"id":954,"date":"2019-09-03T14:55:27","date_gmt":"2019-09-03T17:55:27","guid":{"rendered":"https:\/\/www.ippasso.com.br\/site\/?page_id=954"},"modified":"2026-04-02T11:06:29","modified_gmt":"2026-04-02T14:06:29","slug":"avaliacao-atuarial","status":"publish","type":"page","link":"https:\/\/www.ippasso.com.br\/site\/avaliacao-atuarial\/","title":{"rendered":"Avalia\u00e7\u00e3o Atuarial"},"content":{"rendered":"<p>Acesse, no link abaixo, a Avalia\u00e7\u00e3o Atuarial anual do IPPASSO:<\/p>\n<p><a href=\"https:\/\/www.ippasso.com.br\/site\/wp-content\/uploads\/2026\/04\/Relat\u00f3rio-Avalia\u00e7\u00e3o-Atuarial-31_12_25.pdf\">AVALIA\u00c7\u00c3O ATUARIAL IPPASSO 2026 &#8211; DATA BASE 31\/12\/2025<\/a><\/p>\n<p><a href=\"https:\/\/www.ippasso.com.br\/site\/wp-content\/uploads\/2025\/09\/Relat\u00f3rio-Avalia\u00e7\u00e3o-Atuarial-31_12_24-Athena.pdf\">Relat\u00f3rio 2\u00aa Avalia\u00e7\u00e3o Atuarial 31_12_24 &#8211; Athena<\/a><\/p>\n<p><a href=\"https:\/\/www.ippasso.com.br\/site\/wp-content\/uploads\/2025\/04\/Relat\u00f3rio-Avalia\u00e7\u00e3o-Atuarial-2025.pdf\">AVALIA\u00c7\u00c3O ATUARIAL IPPASSO 2025 &#8211; DATA BASE 31\/12\/2024<\/a><\/p>\n<p><a href=\"https:\/\/www.ippasso.com.br\/site\/wp-content\/uploads\/2024\/03\/Relat\u00f3rio-Avalia\u00e7\u00e3o-Atuarial-31_12_23.pdf\">AVALIA\u00c7\u00c3O ATUARIAL IPPASSO 2024 &#8211; DATA BASE 31\/12\/2023<\/a><\/p>\n<p><a href=\"https:\/\/www.ippasso.com.br\/site\/wp-content\/uploads\/2023\/07\/Relat\u00f3rio-de-Avalia\u00e7\u00e3o-Atuarial-data-base-2022.pdf\">AVALIA\u00c7\u00c3O ATUARIAL IPPASSO 2023 &#8211; DATA BASE 31-12-2022<\/a><\/p>\n<p><a href=\"https:\/\/www.ippasso.com.br\/site\/wp-content\/uploads\/2022\/05\/Avalia\u00e7\u00e3o-Atuarial-base-31_12_2021.pdf\">AVALIA\u00c7\u00c3O ATUARIAL IPPASSO_2022 \u2013 DATA BASE 31\/12\/2021<\/a><\/p>\n<p><a href=\"https:\/\/www.ippasso.com.br\/site\/wp-content\/uploads\/2022\/04\/RA_2021_IPPASSO_PassoFundo_RS_rev001.pdf\">AVALIA\u00c7\u00c3O ATUARIAL IPPASSO_2021 &#8211; DATA BASE 31\/12\/2020<\/a><\/p>\n<p><a href=\"https:\/\/www.ippasso.com.br\/site\/wp-content\/uploads\/2021\/01\/C\u00e1lculo-Atuarial-2019.pdf\">AVALIA\u00c7\u00c3O ATUARIAL IPPASSO 2020 &#8211; DATA BASE 31\/12\/2019<\/a><\/p>\n<p><a href=\"https:\/\/www.ippasso.com.br\/site\/wp-content\/uploads\/2019\/09\/AVALIA\u00c7\u00c3O-ATUARIAL-IPPASSO-2019.pdf\">AVALIA\u00c7\u00c3O ATUARIAL IPPASSO 2019 &#8211; DATA BASE 31\/12\/2018<\/a><\/p>\n<p><a href=\"https:\/\/www.ippasso.com.br\/site\/wp-content\/uploads\/2019\/11\/AVALIA\u00c7\u00c3O-ATUARIAL-IPPASSO-2018.pdf\">AVALIA\u00c7\u00c3O ATUARIAL IPPASSO 2018 &#8211; DATA BASE 30\/12\/2017<\/a><\/p>\n<p><a href=\"https:\/\/www.ippasso.com.br\/site\/wp-content\/uploads\/2019\/11\/AVALIA\u00c7\u00c3O-ATUARIAL-IPPASSO-2017.pdf\">AVALIA\u00c7\u00c3O ATUARIAL IPPASSO 2017 &#8211; DATA BASE 30\/12\/2016<\/a><\/p>\n<p><a href=\"https:\/\/www.ippasso.com.br\/site\/wp-content\/uploads\/2021\/01\/Calculo-Atuarial-2016.pdf\">AVALIA\u00c7\u00c3O ATUARIAL IPPASSO 2016 &#8211; DATA BASE 30\/12\/2015<\/a><\/p>\n<p><a href=\"https:\/\/www.ippasso.com.br\/site\/wp-content\/uploads\/2021\/01\/Calculo-Atuarial-2015.pdf\">AVALIA\u00c7\u00c3O ATUARIAL IPPASSO 2015 &#8211; DATA BASE 30\/12\/2014<\/a><\/p>\n","protected":false},"excerpt":{"rendered":"<p>Acesse, no link abaixo, a Avalia\u00e7\u00e3o Atuarial anual do IPPASSO: AVALIA\u00c7\u00c3O ATUARIAL IPPASSO 2026 &#8211; [&hellip;]<\/p>\n","protected":false},"author":1,"featured_media":0,"parent":0,"menu_order":0,"comment_status":"closed","ping_status":"closed","template":"","meta":[],"_links":{"self":[{"href":"https:\/\/www.ippasso.com.br\/site\/wp-json\/wp\/v2\/pages\/954"}],"collection":[{"href":"https:\/\/www.ippasso.com.br\/site\/wp-json\/wp\/v2\/pages"}],"about":[{"href":"https:\/\/www.ippasso.com.br\/site\/wp-json\/wp\/v2\/types\/page"}],"author":[{"embeddable":true,"href":"https:\/\/www.ippasso.com.br\/site\/wp-json\/wp\/v2\/users\/1"}],"replies":[{"embeddable":true,"href":"https:\/\/www.ippasso.com.br\/site\/wp-json\/wp\/v2\/comments?post=954"}],"version-history":[{"count":18,"href":"https:\/\/www.ippasso.com.br\/site\/wp-json\/wp\/v2\/pages\/954\/revisions"}],"predecessor-version":[{"id":2936,"href":"https:\/\/www.ippasso.com.br\/site\/wp-json\/wp\/v2\/pages\/954\/revisions\/2936"}],"wp:attachment":[{"href":"https:\/\/www.ippasso.com.br\/site\/wp-json\/wp\/v2\/media?parent=954"}],"curies":[{"name":"wp","href":"https:\/\/api.w.org\/{rel}","templated":true}]}}