{"id":915,"date":"2019-09-03T14:19:00","date_gmt":"2019-09-03T17:19:00","guid":{"rendered":"https:\/\/www.ippasso.com.br\/site\/?page_id=915"},"modified":"2024-11-07T13:26:56","modified_gmt":"2024-11-07T16:26:56","slug":"contas-de-gestao-tce-rs","status":"publish","type":"page","link":"https:\/\/www.ippasso.com.br\/site\/contas-de-gestao-tce-rs\/","title":{"rendered":"CONTAS DE GEST\u00c3O &#8211; TCE\/RS"},"content":{"rendered":"<p>Nesse link, divulgamos os ac\u00f3rd\u00e3os do TCE\/RS referentes \u00e0s contas de gest\u00e3o do IPPASSO. Para acessar, clique no link abaixo:<\/p>\n<p>Obs.: As Contas de Gest\u00e3o referentes aos anos de 2020, 2021 e 2022 ainda encontram-se em tramita\u00e7\u00e3o junto ao TCE\/RS, podendo ser acompanhadas na consulta processual p\u00fablica do referido Tribunal, em <a href=\"https:\/\/tcers.tc.br\/fiscalizado\/\">www.tce.rs.gov.br<\/a><\/p>\n<p><a href=\"https:\/\/www.ippasso.com.br\/site\/wp-content\/uploads\/2024\/11\/Decis\u00e3o-TCE_contas-ordin\u00e1rias-2022_proc-000704_0200_22_9-1.pdf\">Contas de Gest\u00e3o 2022<\/a><a href=\"https:\/\/www.ippasso.com.br\/site\/wp-content\/uploads\/2024\/10\/Decis\u00e3o-TCE_contas-ordin\u00e1rias-2021_proc-001064_0200_21_1.pdf\">Contas de Gest\u00e3o 2021\u00a0<\/a><a href=\"https:\/\/www.ippasso.com.br\/site\/wp-content\/uploads\/2024\/10\/Decis\u00e3o-TCE_contas-ordin\u00e1rias-2020_proc-000783_0200_20_4.pdf\">Contas de Gest\u00e3o 2020\u00a0<\/a><a href=\"https:\/\/www.ippasso.com.br\/site\/wp-content\/uploads\/2021\/02\/Contas-de-Gest\u00e3o-2019.pdf\">Contas de Gest\u00e3o &#8211; 2019<\/a> <a href=\"https:\/\/www.ippasso.com.br\/site\/wp-content\/uploads\/2021\/02\/Contas-de-Gest\u00e3o-2018.pdf\">Contas de Gest\u00e3o &#8211; 2018<\/a> <a href=\"https:\/\/www.ippasso.com.br\/site\/wp-content\/uploads\/2019\/09\/2017.pdf\">Contas de Gest\u00e3o &#8211; 2017<\/a> <a href=\"https:\/\/www.ippasso.com.br\/site\/wp-content\/uploads\/2019\/12\/CONTAS-DE-GEST\u00c3O-2016.pdf\">Contas de Gest\u00e3o &#8211; 2016<\/a> <a href=\"https:\/\/www.ippasso.com.br\/site\/wp-content\/uploads\/2019\/12\/Contas-de-Gest\u00e3o-2015.pdf\">Contas de Gest\u00e3o &#8211; 2015<\/a> <a href=\"https:\/\/www.ippasso.com.br\/site\/wp-content\/uploads\/2019\/12\/Contas-de-Gest\u00e3o-2014.pdf\">Contas de Gest\u00e3o &#8211; 2014<\/a> <a href=\"https:\/\/www.ippasso.com.br\/site\/wp-content\/uploads\/2019\/12\/Contas-de-Gest\u00e3o-2013.pdf\">Contas de Gest\u00e3o &#8211; 2013<\/a> <a href=\"https:\/\/www.ippasso.com.br\/site\/wp-content\/uploads\/2019\/12\/Contas-de-Gest\u00e3o-2012.pdf\">Contas de Gest\u00e3o &#8211; 2012<\/a> <a href=\"https:\/\/www.ippasso.com.br\/site\/wp-content\/uploads\/2019\/12\/Contas-de-Gest\u00e3o-2011.pdf\">Contas de Gest\u00e3o &#8211; 2011<\/a> <a href=\"https:\/\/www.ippasso.com.br\/site\/wp-content\/uploads\/2019\/12\/Contas-de-Gest\u00e3o-2010.pdf\">Contas de Gest\u00e3o &#8211; 2010<\/a> <a href=\"https:\/\/www.ippasso.com.br\/site\/wp-content\/uploads\/2019\/12\/PROCESSO-DE-CONTAS-2009.pdf\">Contas de Gest\u00e3o &#8211; 2009<\/a> <a href=\"https:\/\/www.ippasso.com.br\/site\/wp-content\/uploads\/2019\/12\/Contas-de-Gest\u00e3o-2008.pdf\">Contas de Gest\u00e3o &#8211; 2008<\/a> <a href=\"https:\/\/www.ippasso.com.br\/site\/wp-content\/uploads\/2019\/12\/Contas-de-Gest\u00e3o-2007.pdf\">Contas de Gest\u00e3o &#8211; 2007<\/a> <a href=\"https:\/\/www.ippasso.com.br\/site\/wp-content\/uploads\/2019\/12\/Contas-de-Gest\u00e3o-2006.pdf\">Contas de Gest\u00e3o &#8211; 2006<\/a> <a href=\"https:\/\/www.ippasso.com.br\/site\/wp-content\/uploads\/2019\/12\/Contas-de-Gest\u00e3o-2005.pdf\">Contas de Gest\u00e3o &#8211; 2005<\/a> <a href=\"https:\/\/www.ippasso.com.br\/site\/wp-content\/uploads\/2019\/12\/TOMADA-DE-CONTAS-2004.pdf\">Contas de Gest\u00e3o &#8211; 2004<\/a><\/p>\n","protected":false},"excerpt":{"rendered":"<p>Nesse link, divulgamos os ac\u00f3rd\u00e3os do TCE\/RS referentes \u00e0s contas de gest\u00e3o do IPPASSO. Para [&hellip;]<\/p>\n","protected":false},"author":1,"featured_media":0,"parent":0,"menu_order":0,"comment_status":"closed","ping_status":"closed","template":"","meta":[],"_links":{"self":[{"href":"https:\/\/www.ippasso.com.br\/site\/wp-json\/wp\/v2\/pages\/915"}],"collection":[{"href":"https:\/\/www.ippasso.com.br\/site\/wp-json\/wp\/v2\/pages"}],"about":[{"href":"https:\/\/www.ippasso.com.br\/site\/wp-json\/wp\/v2\/types\/page"}],"author":[{"embeddable":true,"href":"https:\/\/www.ippasso.com.br\/site\/wp-json\/wp\/v2\/users\/1"}],"replies":[{"embeddable":true,"href":"https:\/\/www.ippasso.com.br\/site\/wp-json\/wp\/v2\/comments?post=915"}],"version-history":[{"count":22,"href":"https:\/\/www.ippasso.com.br\/site\/wp-json\/wp\/v2\/pages\/915\/revisions"}],"predecessor-version":[{"id":2424,"href":"https:\/\/www.ippasso.com.br\/site\/wp-json\/wp\/v2\/pages\/915\/revisions\/2424"}],"wp:attachment":[{"href":"https:\/\/www.ippasso.com.br\/site\/wp-json\/wp\/v2\/media?parent=915"}],"curies":[{"name":"wp","href":"https:\/\/api.w.org\/{rel}","templated":true}]}}