{"id":7,"date":"2016-03-14T20:39:03","date_gmt":"2016-03-14T20:39:03","guid":{"rendered":"https:\/\/www.ippasso.com.br\/site\/?page_id=7"},"modified":"2025-05-23T11:09:32","modified_gmt":"2025-05-23T14:09:32","slug":"historico","status":"publish","type":"page","link":"https:\/\/www.ippasso.com.br\/site\/historico\/","title":{"rendered":"Hist\u00f3rico"},"content":{"rendered":"<p>O Instituto de Previd\u00eancia Social dos Servidores Municipais de Passo Fundo \u2013 IPPASSO, criado atrav\u00e9s da Lei n\u00ba 3.803 de 26 de outubro de 2001 (revogada pela Lei 4221 de 11 de janeiro de 2005), tem a finalidade de garantir aos servidores municipais estatut\u00e1rios o pagamento de APOSENTADORIA e, aos seus dependentes, PENS\u00c3O POR MORTE.<br \/>\nNo dia 27 de fevereiro de 2002 foi constitu\u00eddo o primeiro \u00d3rg\u00e3o Gestor, bem como, os Conselhos Deliberativo e Fiscal. O comit\u00ea de investimentos do Ippasso foi constitu\u00eddo no ano de 2013.\u00a0 At\u00e9 hoje, o IPPASSO teve nove \u00d3rg\u00e3os Gestores:<\/p>\n<p><b>GEST\u00c3O 2002-2004<\/b><br \/>\nNessa primeira gest\u00e3o foi trabalhado na estrutura\u00e7\u00e3o e organiza\u00e7\u00e3o do Instituto, bem como a prioriza\u00e7\u00e3o das aplica\u00e7\u00f5es dos recursos obtidos atrav\u00e9s da contribui\u00e7\u00e3o previdenci\u00e1ria dos servidores e do ente (prefeitura), j\u00e1 que existia legisla\u00e7\u00e3o e regulamenta\u00e7\u00e3o espec\u00edfica para a aplica\u00e7\u00e3o dos recursos. Tamb\u00e9m, no ano de 2003, foi aprovado o Regimento Interno do IPPASSO.<\/p>\n<p><b>GEST\u00c3O 2004-2006<\/b><br \/>\nA gest\u00e3o, para o per\u00edodo de 15\/02\/2004 a 14\/02\/2006, deu continuidade \u00e0 estrutura\u00e7\u00e3o e aplica\u00e7\u00e3o de recursos. Ocupou-se tamb\u00e9m na formula\u00e7\u00e3o de nova legisla\u00e7\u00e3o, mais adaptada \u00e0s necessidades do Instituto. Assim, em janeiro de 2005, foi publicada a Lei n.\u00ba 4.221\/2005 estabelecendo novas normas de regulamenta\u00e7\u00e3o do Regime Pr\u00f3prio de Previd\u00eancia.<\/p>\n<p><b>GEST\u00c3O 2006-2008<\/b><br \/>\nEssa gest\u00e3o teve o compromisso de implantar a Unidade Gestora \u00danica de Previd\u00eancia no munic\u00edpio. Com a publica\u00e7\u00e3o da lei 4.361\/2006, que conforme o Minist\u00e9rio da Previd\u00eancia Social obrigava os Institutos Previdenci\u00e1rios assumirem a concess\u00e3o e manuten\u00e7\u00e3o das aposentadorias e pens\u00f5es do munic\u00edpio, foram criadas tr\u00eas se\u00e7\u00f5es em sua estrutura administrativa: Se\u00e7\u00e3o de Concess\u00e3o e Revis\u00e3o de Aposentadorias e Pens\u00f5es; Se\u00e7\u00e3o de Manuten\u00e7\u00e3o e Administra\u00e7\u00e3o de Benef\u00edcios (folha pgto) e Se\u00e7\u00e3o de Compensa\u00e7\u00e3o Financeira Previdenci\u00e1ria. A partir do ano de 2007 toda parte previdenci\u00e1ria foi assumida pelo IPPASSO.<\/p>\n<p><b>GEST\u00c3O 2008-2010<\/b><br \/>\nA principal meta desse \u00d3rg\u00e3o Gestor foi conquistar uma sede pr\u00f3pria para o IPPASSO que, at\u00e9 ent\u00e3o, funcionava numa sala de, aproximadamente, 40 metros quadrados, cedida pelo munic\u00edpio, com sete pessoas trabalhando.<br \/>\nEm agosto de 2008 foi comprada a sede do IPPASSO e, no m\u00eas de abril 2009, ap\u00f3s reforma, foi inaugurada a sede pr\u00f3pria na rua Paisandu,141 esquina com rua Antonio Araujo contendo mais de 400 m2.<br \/>\nImportante ressaltar que a compra da sede n\u00e3o utilizou recursos previdenci\u00e1rios ou do munic\u00edpio e sim recursos provenientes da indeniza\u00e7\u00e3o pelos bancos da folha de pagamento dos inativos.<\/p>\n<p><b>GEST\u00c3O 2010-2013<\/b><br \/>\nNo dia 21 de maio de 2010, foi dada posse aos t\u00e9cnicos previdenci\u00e1rios aprovados no concurso p\u00fablico realizado em mar\u00e7o de 2010.<\/p>\n<p><b>GEST\u00c3O 2013-2016<\/b><br \/>\nO IPPASSO gerencia o pagamento aproximadamente 800\u00a0aposentadorias e mais de 120 pens\u00f5es; administra o fundo financeiro com em torno de 300 milh\u00f5es de reais de recursos previdenci\u00e1rios; mensalmente aposenta servidores e encaminha v\u00e1rios processos para compensa\u00e7\u00e3o previdenci\u00e1ria, al\u00e9m de abrir diariamente processos de aposentadorias e pens\u00e3o, entre outros benef\u00edcios previdenci\u00e1rios.<\/p>\n<p><b>GEST\u00c3O 2016-2019<\/b><br \/>\nO IPPASSO gerenciou o pagamento aproximadamente 800\u00a0aposentadorias e mais de 120 pens\u00f5es; o fundo financeiro permaneceu em torno de 300 milh\u00f5es de reais de recursos previdenci\u00e1rios; mensalmente aposenta servidores e encaminha v\u00e1rios processos para compensa\u00e7\u00e3o previdenci\u00e1ria, al\u00e9m de abrir diariamente processos de aposentadorias e pens\u00e3o, entre outros benef\u00edcios previdenci\u00e1rios.<\/p>\n<p><b>GEST\u00c3O 2019-2022<\/b><br \/>\nO IPPASSO gerencia o pagamento aproximadamente 1300 aposentadorias e pens\u00f5es; administra o fundo financeiro com em torno de 576 milh\u00f5es de reais de recursos previdenci\u00e1rios; mensalmente aposenta servidores, e encaminha v\u00e1rios processos para compensa\u00e7\u00e3o previdenci\u00e1ria, al\u00e9m de abrir diariamente processos de aposentadorias e pens\u00e3o.<\/p>\n<p><b>GEST\u00c3O 2022-2025<\/b><br \/>\nO IPPASSO gerencia o pagamento aproximadamente 1528 aposentadorias e pens\u00f5es; administra o fundo financeiro com em torno de 912 milh\u00f5es de reais de recursos previdenci\u00e1rios; mensalmente aposenta servidores e encaminha v\u00e1rios processos para compensa\u00e7\u00e3o previdenci\u00e1ria junto ao RGPS e RPPSs, al\u00e9m de abrir processos de Aposentadorias, Pens\u00e3o, Isen\u00e7\u00e3o de Imposto de Renda, Abono Familiar, Certid\u00e3o de Tempo de Contribui\u00e7\u00e3o.<\/p>\n<p>Atualmente o IPPASSO atende das 9h \u00e0s 12h e das 13h \u00e0s 17h.<\/p>\n<p>Para simula\u00e7\u00f5es de aposentadoria e abertura de processos o atendimento \u00e9 das 9h \u00e0s 11he30m e das 13h \u00e0s 16he30m<\/p>\n","protected":false},"excerpt":{"rendered":"<p>O Instituto de Previd\u00eancia Social dos Servidores Municipais de Passo Fundo \u2013 IPPASSO, criado atrav\u00e9s [&hellip;]<\/p>\n","protected":false},"author":1,"featured_media":0,"parent":0,"menu_order":0,"comment_status":"closed","ping_status":"closed","template":"","meta":[],"_links":{"self":[{"href":"https:\/\/www.ippasso.com.br\/site\/wp-json\/wp\/v2\/pages\/7"}],"collection":[{"href":"https:\/\/www.ippasso.com.br\/site\/wp-json\/wp\/v2\/pages"}],"about":[{"href":"https:\/\/www.ippasso.com.br\/site\/wp-json\/wp\/v2\/types\/page"}],"author":[{"embeddable":true,"href":"https:\/\/www.ippasso.com.br\/site\/wp-json\/wp\/v2\/users\/1"}],"replies":[{"embeddable":true,"href":"https:\/\/www.ippasso.com.br\/site\/wp-json\/wp\/v2\/comments?post=7"}],"version-history":[{"count":9,"href":"https:\/\/www.ippasso.com.br\/site\/wp-json\/wp\/v2\/pages\/7\/revisions"}],"predecessor-version":[{"id":2543,"href":"https:\/\/www.ippasso.com.br\/site\/wp-json\/wp\/v2\/pages\/7\/revisions\/2543"}],"wp:attachment":[{"href":"https:\/\/www.ippasso.com.br\/site\/wp-json\/wp\/v2\/media?parent=7"}],"curies":[{"name":"wp","href":"https:\/\/api.w.org\/{rel}","templated":true}]}}