{"id":46,"date":"2016-03-14T21:02:21","date_gmt":"2016-03-14T21:02:21","guid":{"rendered":"https:\/\/www.ippasso.com.br\/site\/?page_id=46"},"modified":"2026-01-06T17:01:43","modified_gmt":"2026-01-06T20:01:43","slug":"transparencia","status":"publish","type":"page","link":"https:\/\/www.ippasso.com.br\/site\/transparencia\/","title":{"rendered":"Transpar\u00eancia"},"content":{"rendered":"<h3><\/h3>\n<h4><strong>Acesse o menu &#8220;Transpar\u00eancia&#8221; e seus submenus para ter acesso \u00e0s informa\u00e7\u00f5es de transpar\u00eancia do IPPASSO.<\/strong><\/h4>\n<p>Acesse, ainda, atrav\u00e9s dos links abaixo, as seguintes informa\u00e7\u00f5es:<\/p>\n<p><a href=\"https:\/\/grp.pmpf.rs.gov.br\/grp\/acessoexterno\/programaAcessoExterno.faces?codigo=80015\" target=\"_blank\" rel=\"noopener noreferrer\"><b>RECEITAS :<\/b><\/a> Receitas previdenci\u00e1rias e financeiras \u00a0\u00a0\u00a0\u00a0\u00a0\u00a0\u00a0\u00a0\u00a0 .<\/p>\n<p><a href=\"https:\/\/grp.pmpf.rs.gov.br\/grp\/acessoexterno\/programaAcessoExterno.faces?codigo=80021\" target=\"_blank\" rel=\"noopener noreferrer\"><b>DESPESAS :<\/b><\/a> Pagamento de benef\u00edcios e despesas administrativas.<\/p>\n<p><a href=\"https:\/\/grp.pmpf.rs.gov.br\/grp\/acessoexterno\/programaAcessoExterno.faces?codigo=670063\" target=\"_blank\" rel=\"noopener noreferrer\"><b>PAGAMENTOS REALIZADOS :<\/b><\/a> Pagamentos efetuados a credores.<\/p>\n<p><a href=\"https:\/\/grp.pmpf.rs.gov.br\/grp\/acessoexterno\/programaAcessoExterno.faces?codigo=670062\" target=\"_blank\" rel=\"noopener noreferrer\"><b>DI\u00c1RIAS : <\/b><\/a>Pagamento de di\u00e1rias, com motivo, local de destino, valor de di\u00e1rias e nome do beneficiado.<\/p>\n<p>&nbsp;<\/p>\n<p>RELA\u00c7AO DE SERVIDORES:<\/p>\n<p>&nbsp;<\/p>\n<p><strong>Setembro\/2025<\/strong><\/p>\n<p><a href=\"https:\/\/www.ippasso.com.br\/site\/wp-content\/uploads\/2025\/09\/aposentados.pdf\">Aposentados<\/a><\/p>\n<p><a href=\"https:\/\/www.ippasso.com.br\/site\/wp-content\/uploads\/2025\/09\/relacao_servidores_geral_279378-pensionistas.pdf\">Pensionistas<\/a><\/p>\n<p><a href=\"https:\/\/www.ippasso.com.br\/site\/wp-content\/uploads\/2025\/09\/relacao_servidores_geral_279379-ativos-1.pdf\">Ativos<\/a><\/p>\n<p>&nbsp;<\/p>\n<p><strong>Mar\u00e7o\/2025<\/strong><\/p>\n<p><a href=\"https:\/\/www.ippasso.com.br\/site\/wp-content\/uploads\/2025\/03\/relacao_servidores_geral_272274-aposentados.pdf\">Aposentados<\/a><\/p>\n<p><a href=\"https:\/\/www.ippasso.com.br\/site\/wp-content\/uploads\/2025\/03\/relacao_servidores_geral_272277-pensionista.pdf\">Pensionistas<\/a><\/p>\n<p><a href=\"https:\/\/www.ippasso.com.br\/site\/wp-content\/uploads\/2025\/03\/relacao_servidores_geral_272276-ativos.pdf\">Ativos<\/a><\/p>\n<p>&nbsp;<\/p>\n<p><strong>Setembro\/2024<\/strong><\/p>\n<p><a href=\"https:\/\/www.ippasso.com.br\/site\/wp-content\/uploads\/2024\/09\/aposentados-09-2024.pdf\">Aposentados<\/a><\/p>\n<p><a href=\"https:\/\/www.ippasso.com.br\/site\/wp-content\/uploads\/2024\/09\/pensionistas.pdf\">Pensionistas<\/a><\/p>\n<p><a href=\"https:\/\/www.ippasso.com.br\/site\/wp-content\/uploads\/2024\/09\/funcionarios-quadro.pdf\">Ativos<\/a><\/p>\n<p>&nbsp;<\/p>\n<p><strong>Mar\u00e7o\/2024<\/strong><\/p>\n<p><a href=\"https:\/\/www.ippasso.com.br\/site\/wp-content\/uploads\/2024\/04\/serv-aposentados-1.pdf\">Aposentados<\/a><\/p>\n<p><a href=\"https:\/\/www.ippasso.com.br\/site\/wp-content\/uploads\/2024\/04\/pensionistas-1.pdf\">Pensionistas<\/a><\/p>\n<p><a href=\"https:\/\/www.ippasso.com.br\/site\/wp-content\/uploads\/2024\/04\/ativos-1.pdf\">Ativos<\/a><\/p>\n<p>&nbsp;<\/p>\n<p><strong>Agosto\/2023<\/strong><\/p>\n<p><a href=\"https:\/\/www.ippasso.com.br\/site\/wp-content\/uploads\/2023\/08\/aposentados.pdf\">Aposentados<\/a><\/p>\n<p><a href=\"https:\/\/www.ippasso.com.br\/site\/wp-content\/uploads\/2023\/08\/pensionistas.pdf\">Pensionistas<\/a><\/p>\n<p><a href=\"https:\/\/www.ippasso.com.br\/site\/wp-content\/uploads\/2023\/08\/ativos.pdf\">Ativos<\/a><\/p>\n<p>&nbsp;<\/p>\n<p><strong>Mar\u00e7o \/ 2023<\/strong><\/p>\n<p><a href=\"https:\/\/www.ippasso.com.br\/site\/wp-content\/uploads\/2023\/04\/Pens\u00f5es.pdf\">Pensionistas<\/a><\/p>\n<p><a href=\"https:\/\/www.ippasso.com.br\/site\/wp-content\/uploads\/2023\/04\/Aposentados.pdf\">Aposentados<\/a><\/p>\n<p><a href=\"https:\/\/www.ippasso.com.br\/site\/wp-content\/uploads\/2023\/04\/Ativos-.pdf\">Ativos<\/a><\/p>\n<p>&nbsp;<\/p>\n<p><strong>Dezembro \/ 2022<\/strong><\/p>\n<p><a href=\"https:\/\/www.ippasso.com.br\/site\/wp-content\/uploads\/2023\/04\/Pensionistas-ativos-12-2022.pdf\">Pensionistas\u00a0<\/a><\/p>\n<p><a href=\"https:\/\/www.ippasso.com.br\/site\/wp-content\/uploads\/2023\/04\/Aposentados-ativos-12-2022.pdf\">Aposentados\u00a0<\/a><\/p>\n<p><a href=\"https:\/\/www.ippasso.com.br\/site\/wp-content\/uploads\/2023\/04\/Ativos.pdf\">Ativos<\/a><\/p>\n<p>&nbsp;<\/p>\n<p>Caso queira solicitar alguma informa\u00e7\u00e3o n\u00e3o dispon\u00edvel atrav\u00e9s de nosso site, acesse o portal de <a href=\"http:\/\/www.pmpf.rs.gov.br\/transparencia\/secao.php?p=140&amp;a=5\"><b>Acesso \u00e0 Informa\u00e7\u00e3o<\/b><\/a>\u00a0, da Prefeitura Municipal de Passo Fundo.<\/p>\n","protected":false},"excerpt":{"rendered":"<p>Acesse o menu &#8220;Transpar\u00eancia&#8221; e seus submenus para ter acesso \u00e0s informa\u00e7\u00f5es de transpar\u00eancia do [&hellip;]<\/p>\n","protected":false},"author":1,"featured_media":0,"parent":0,"menu_order":0,"comment_status":"closed","ping_status":"closed","template":"","meta":[],"_links":{"self":[{"href":"https:\/\/www.ippasso.com.br\/site\/wp-json\/wp\/v2\/pages\/46"}],"collection":[{"href":"https:\/\/www.ippasso.com.br\/site\/wp-json\/wp\/v2\/pages"}],"about":[{"href":"https:\/\/www.ippasso.com.br\/site\/wp-json\/wp\/v2\/types\/page"}],"author":[{"embeddable":true,"href":"https:\/\/www.ippasso.com.br\/site\/wp-json\/wp\/v2\/users\/1"}],"replies":[{"embeddable":true,"href":"https:\/\/www.ippasso.com.br\/site\/wp-json\/wp\/v2\/comments?post=46"}],"version-history":[{"count":61,"href":"https:\/\/www.ippasso.com.br\/site\/wp-json\/wp\/v2\/pages\/46\/revisions"}],"predecessor-version":[{"id":2864,"href":"https:\/\/www.ippasso.com.br\/site\/wp-json\/wp\/v2\/pages\/46\/revisions\/2864"}],"wp:attachment":[{"href":"https:\/\/www.ippasso.com.br\/site\/wp-json\/wp\/v2\/media?parent=46"}],"curies":[{"name":"wp","href":"https:\/\/api.w.org\/{rel}","templated":true}]}}