{"id":37,"date":"2016-03-14T20:57:49","date_gmt":"2016-03-14T20:57:49","guid":{"rendered":"https:\/\/www.ippasso.com.br\/site\/?page_id=37"},"modified":"2025-10-01T10:53:03","modified_gmt":"2025-10-01T13:53:03","slug":"legislacao","status":"publish","type":"page","link":"https:\/\/www.ippasso.com.br\/site\/legislacao\/","title":{"rendered":"Legisla\u00e7\u00e3o"},"content":{"rendered":"<div>Apresenta a legisla\u00e7\u00e3o vigente na \u00e1rea da previd\u00eancia social em \u00e2mbito federal, estadual e municipal, para pesquisa, esclarecimentos e demais informa\u00e7\u00f5es em rela\u00e7\u00e3o \u00e0s quest\u00f5es legais pertinentes aos RPPS \u2013 Regimes Pr\u00f3prios de Previd\u00eancia Social.<\/div>\n<div>\n<div><\/div>\n<p><b>Lei 9.717\/98:<\/b> disp\u00f5e sobre regras federais para organiza\u00e7\u00e3o e funcionamento dos regimes pr\u00f3prios de previd\u00eancia social dos servidores p\u00fablicos da Uni\u00e3o, dos Estados, do Distrito Federal e dos Munic\u00edpios e d\u00e1 outras provid\u00eancias.<\/p>\n<p><b>Emenda Constitucional 20\/1998:<\/b> modifica o sistema de previd\u00eancia social, estabelece normas de transi\u00e7\u00e3o e d\u00e1 outras provid\u00eancias.<\/p>\n<p><b>Lei 9.796\/99:<\/b> disp\u00f5e sobre a compensa\u00e7\u00e3o financeira entre o Regime Geral de Previd\u00eancia Social e os regimes de previd\u00eancia dos servidores da Uni\u00e3o, dos Estados, do Distrito Federal e dos Munic\u00edpios, nos casos de contagem rec\u00edproca de tempo de contribui\u00e7\u00e3o para efeito de aposentadoria e d\u00e1 outras provid\u00eancias.<\/p>\n<p><b>Decreto 3.788\/01:<\/b> institui, no \u00e2mbito da administra\u00e7\u00e3o p\u00fablica federal, o Certificado de Regularidade Previdenci\u00e1ria \u2013 CRP.<\/p>\n<p><b>Portaria MPAS 204\/28:<\/b> disp\u00f5e sobre a concess\u00e3o do Certificado de Regularidade Previdenci\u00e1ria.<br \/>\n<b><br \/>\nDecreto 3.112\/99: <\/b>disp\u00f5e sobre a regulamenta\u00e7\u00e3o da Lei n\u00ba 9.796, de 5 de maio de 1999, que versa sobre a compensa\u00e7\u00e3o financeira entre o Regime Geral de Previd\u00eancia Social e os regimes pr\u00f3prios de previd\u00eancia dos servidores da Uni\u00e3o, dos Estados, do Distrito Federal e dos Munic\u00edpios, na contagem rec\u00edproca de tempo de contribui\u00e7\u00e3o para efeito de aposentadoria, e d\u00e1 outras provid\u00eancias.<\/p>\n<p><b>Portaria MPAS 7796\/2000: <\/b>Disp\u00f5e sobre a aplica\u00e7\u00e3o da EC n\u00ba 20\/1998.<\/p>\n<\/div>\n<div>\n<p><b>Portaria MPAS 6.209\/1999:<\/b> Disp\u00f5e sobre procedimentos operacionais para a realiza\u00e7\u00e3o da compensa\u00e7\u00e3o previdenci\u00e1ria entre o Regime Geral de Previd\u00eancia Social &#8211; RGPS e os regimes pr\u00f3prios de previd\u00eancia social<\/p>\n<p><b>Lei 3.803\/2001:<\/b> cria o Instituto Municipal de Previd\u00eancia Social- IPPASSO.<\/p>\n<\/div>\n<div>\n<p><b>Resolu\u00e7\u00e3o 001\/2017:<\/b> Regimento Interno, documento que regra o funcionamento e os procedimentos administrativos do IPPASSO.<\/p>\n<p><a href=\"http:\/\/leismunicipa.is\/pjqrc\"><b>Lei 4221\/2005:<\/b> Lei n\u00ba 4.221\/05: disp\u00f5e sobre o Instituto de Previd\u00eancia Social dos Servidores titulares de cargo efetivo no Munic\u00edpio de Passo Fundo \u2013 Ippasso, estabelece normas do regime pr\u00f3prio de previd\u00eancia, revoga a lei n\u00ba 3.803, de 26 de outubro de 2001, e d\u00e1 outras provid\u00eancias.<\/a><\/p>\n<p><a href=\"http:\/\/leismunicipa.is\/jfqrp\">LEI N\u00ba 4621 DE 06 DE NOVEMBRO DE 2009 &#8211; Altera a lei N\u00ba 4221, de 11 de janeiro de 2005, que disp\u00f5e sobre o Instituto de Previd\u00eancia Social dos Servidores Titulares de Cargo Efetivo no Munic\u00edpio de Passo Fundo &#8211; IPPASSO, com altera\u00e7\u00f5es inseridas pela lei N\u00ba 4361, de 16 de dezembro de 2006.<\/a><\/p>\n<\/div>\n<div>\n<p>Arquivos para download<\/p>\n<p><a href=\"https:\/\/www.ippasso.com.br\/site\/wp-content\/uploads\/2016\/03\/DECRETO-N\u00ba3112-1999.pdf\">DECRETO N\u00ba3112-1999<\/a><\/p>\n<p><a href=\"https:\/\/www.ippasso.com.br\/site\/wp-content\/uploads\/2016\/03\/DECRETO-N\u00ba3788-2001.pdf\">DECRETO N\u00ba3788-2001<\/a><\/p>\n<p><a href=\"https:\/\/www.ippasso.com.br\/site\/wp-content\/uploads\/2016\/03\/LEI-N\u00ba9717-1998.pdf\">LEI N\u00ba9717-1998<\/a><\/p>\n<p><a href=\"https:\/\/www.ippasso.com.br\/site\/wp-content\/uploads\/2016\/03\/LEI-N\u00ba9796-1999.pdf\">LEI N\u00ba9796-1999<\/a><\/p>\n<p><a href=\"https:\/\/www.ippasso.com.br\/site\/wp-content\/uploads\/2016\/03\/LEI-N\u00ba3803-2001.pdf\">LEI N\u00ba3803-2001<\/a><\/p>\n<p><a href=\"https:\/\/www.ippasso.com.br\/site\/wp-content\/uploads\/2016\/03\/PORTARIA-204-208.pdf\">PORTARIA 204-208<\/a><\/p>\n<p><a href=\"https:\/\/www.ippasso.com.br\/site\/wp-content\/uploads\/2016\/03\/PORTARIA-6209-1999.pdf\">PORTARIA 6209-1999<\/a><\/p>\n<p><a href=\"https:\/\/www.ippasso.com.br\/site\/wp-content\/uploads\/2016\/03\/PORTARIA-7796-2000.pdf\">PORTARIA 7796 &#8211; 2000<\/a><\/p>\n<p><a href=\"https:\/\/www.ippasso.com.br\/site\/wp-content\/uploads\/2016\/03\/RESOLU\u00c7\u00c3O-001.pdf\">Resolu\u00e7\u00e3o 001\/2017 &#8211; REGIMENTO INTERNO DO IPPASSO\u00a0<\/a><\/p>\n<p><a href=\"https:\/\/www.ippasso.com.br\/site\/wp-content\/uploads\/2021\/02\/lei-complementar-467-2021-14.pdf\">Lei Complementar 467\/2021<\/a><\/p>\n<p><a href=\"https:\/\/www.ippasso.com.br\/site\/wp-content\/uploads\/2022\/04\/OS-01-2022-LICITACON-assinada.pdf\">OS 01-2022 LICITACON<\/a><\/p>\n<p><a href=\"https:\/\/www.ippasso.com.br\/site\/wp-content\/uploads\/2022\/07\/01-2022-di\u00e1rias-2.pdf\">Resolu\u00e7\u00e3o 01-2022 Di\u00e1rias<\/a><\/p>\n<p><a href=\"https:\/\/www.ippasso.com.br\/site\/wp-content\/uploads\/2024\/09\/os-01-2024-assinada.pdf\">OS 01 2024 &#8211; PRAZO TRAMITA\u00c7\u00c3O PROCESSOS DE APOSENTADORIA<\/a><\/p>\n<p><a href=\"https:\/\/www.ippasso.com.br\/site\/wp-content\/uploads\/2025\/10\/Resolucao_01_2025_assinado.pdf\">Resolucao_01_2025_Di\u00e1rias<\/a><\/p>\n<\/div>\n","protected":false},"excerpt":{"rendered":"<p>Apresenta a legisla\u00e7\u00e3o vigente na \u00e1rea da previd\u00eancia social em \u00e2mbito federal, estadual e municipal, [&hellip;]<\/p>\n","protected":false},"author":1,"featured_media":0,"parent":0,"menu_order":0,"comment_status":"closed","ping_status":"closed","template":"","meta":[],"_links":{"self":[{"href":"https:\/\/www.ippasso.com.br\/site\/wp-json\/wp\/v2\/pages\/37"}],"collection":[{"href":"https:\/\/www.ippasso.com.br\/site\/wp-json\/wp\/v2\/pages"}],"about":[{"href":"https:\/\/www.ippasso.com.br\/site\/wp-json\/wp\/v2\/types\/page"}],"author":[{"embeddable":true,"href":"https:\/\/www.ippasso.com.br\/site\/wp-json\/wp\/v2\/users\/1"}],"replies":[{"embeddable":true,"href":"https:\/\/www.ippasso.com.br\/site\/wp-json\/wp\/v2\/comments?post=37"}],"version-history":[{"count":20,"href":"https:\/\/www.ippasso.com.br\/site\/wp-json\/wp\/v2\/pages\/37\/revisions"}],"predecessor-version":[{"id":2765,"href":"https:\/\/www.ippasso.com.br\/site\/wp-json\/wp\/v2\/pages\/37\/revisions\/2765"}],"wp:attachment":[{"href":"https:\/\/www.ippasso.com.br\/site\/wp-json\/wp\/v2\/media?parent=37"}],"curies":[{"name":"wp","href":"https:\/\/api.w.org\/{rel}","templated":true}]}}