{"id":35,"date":"2016-03-14T20:49:35","date_gmt":"2016-03-14T20:49:35","guid":{"rendered":"https:\/\/www.ippasso.com.br\/site\/?page_id=35"},"modified":"2019-11-28T11:00:17","modified_gmt":"2019-11-28T13:00:17","slug":"estrutura","status":"publish","type":"page","link":"https:\/\/www.ippasso.com.br\/site\/estrutura\/","title":{"rendered":"Estrutura"},"content":{"rendered":"<p>ACESSE O ORGANOGRAMA DO IPPASSO:<\/p>\n<p><a href=\"https:\/\/www.ippasso.com.br\/site\/wp-content\/uploads\/2019\/11\/ORGANOGRAMA.pdf\">ORGANOGRAMA<\/a><\/p>\n<p>&nbsp;<\/p>\n<p>CONSELHOS E COMIT\u00ca DE INVESTIMENTO:<\/p>\n<p>Para informa\u00e7\u00f5es referentes ao Conselho Deliberativo, Conselho Fiscal e Comit\u00ea de Investimentos, acesse o menu &#8220;Transpar\u00eancia&#8221;<\/p>\n<p>&nbsp;<\/p>\n<p>SEDE PR\u00d3PRIA:<\/p>\n<p>O IPPASSO funciona em pr\u00e9dio pr\u00f3prio, situado na rua Paissandu, 141, esquina com Ant\u00f4nio Ara\u00fajo.<br \/>\nO hor\u00e1rio de atendimento \u00e9 das 9h \u00e0s 12h e das 13h \u00e0s 17h.<br \/>\nVenha nos visitar e conhecer nossas instala\u00e7\u00f5es.<\/p>\n<div class=\"foogallery foogallery-container foogallery-masonry foogallery-lightbox-foobox fg-center  fg-masonry fg-light fg-border-thin  fg-shadow-outline  fg-loading-default fg-loaded-fade-in fg-custom   fg-caption-hover fg-hover-fade fg-hover-zoom\" id=\"foogallery-gallery-716\" data-foogallery=\"{&quot;item&quot;:{&quot;showCaptionTitle&quot;:true,&quot;showCaptionDescription&quot;:true},&quot;lazy&quot;:true,&quot;src&quot;:&quot;data-src-fg&quot;,&quot;srcset&quot;:&quot;data-srcset-fg&quot;,&quot;template&quot;:{&quot;layout&quot;:&quot;fixed&quot;,&quot;columnWidth&quot;:150,&quot;gutter&quot;:10}}\" data-fg-common-fields=\"1\" >\n\t<div class=\"fg-item\"><figure class=\"fg-item-inner\"><a  href=\"https:\/\/www.ippasso.com.br\/site\/wp-content\/uploads\/2018\/05\/9_img-12.jpg\" data-attachment-id=\"717\" class=\" fg-thumb\"><img  width=\"150\" height=\"113\" data-src-fg=\"https:\/\/www.ippasso.com.br\/site\/wp-content\/uploads\/cache\/2018\/05\/9_img-12\/4053331175.jpg\" class=\"fg-image\" \/><\/a><figcaption class=\"fg-caption\"><div class=\"fg-caption-inner\"><\/div><\/figcaption><\/figure><\/div><div class=\"fg-item\"><figure class=\"fg-item-inner\"><a  href=\"https:\/\/www.ippasso.com.br\/site\/wp-content\/uploads\/2018\/05\/9_img-13.jpg\" data-attachment-id=\"718\" class=\" fg-thumb\"><img  width=\"150\" height=\"113\" data-src-fg=\"https:\/\/www.ippasso.com.br\/site\/wp-content\/uploads\/cache\/2018\/05\/9_img-13\/1785787802.jpg\" class=\"fg-image\" \/><\/a><figcaption class=\"fg-caption\"><div class=\"fg-caption-inner\"><\/div><\/figcaption><\/figure><\/div><div class=\"fg-item\"><figure class=\"fg-item-inner\"><a  href=\"https:\/\/www.ippasso.com.br\/site\/wp-content\/uploads\/2018\/05\/9_img-14.jpg\" data-attachment-id=\"719\" class=\" fg-thumb\"><img  width=\"150\" height=\"113\" data-src-fg=\"https:\/\/www.ippasso.com.br\/site\/wp-content\/uploads\/cache\/2018\/05\/9_img-14\/2419042351.jpg\" class=\"fg-image\" \/><\/a><figcaption class=\"fg-caption\"><div class=\"fg-caption-inner\"><\/div><\/figcaption><\/figure><\/div><div class=\"fg-item\"><figure class=\"fg-item-inner\"><a  href=\"https:\/\/www.ippasso.com.br\/site\/wp-content\/uploads\/2018\/05\/9_img-15.jpg\" data-attachment-id=\"720\" class=\" fg-thumb\"><img  width=\"150\" height=\"113\" data-src-fg=\"https:\/\/www.ippasso.com.br\/site\/wp-content\/uploads\/cache\/2018\/05\/9_img-15\/4274575489.jpg\" class=\"fg-image\" \/><\/a><figcaption class=\"fg-caption\"><div class=\"fg-caption-inner\"><\/div><\/figcaption><\/figure><\/div><div class=\"fg-item\"><figure class=\"fg-item-inner\"><a  href=\"https:\/\/www.ippasso.com.br\/site\/wp-content\/uploads\/2018\/05\/9_img-16.jpg\" data-attachment-id=\"721\" class=\" fg-thumb\"><img  width=\"150\" height=\"113\" data-src-fg=\"https:\/\/www.ippasso.com.br\/site\/wp-content\/uploads\/cache\/2018\/05\/9_img-16\/2162002894.jpg\" class=\"fg-image\" \/><\/a><figcaption class=\"fg-caption\"><div class=\"fg-caption-inner\"><\/div><\/figcaption><\/figure><\/div><div class=\"fg-item\"><figure class=\"fg-item-inner\"><a  href=\"https:\/\/www.ippasso.com.br\/site\/wp-content\/uploads\/2018\/05\/9_img-17.jpg\" data-attachment-id=\"722\" class=\" fg-thumb\"><img  width=\"150\" height=\"113\" data-src-fg=\"https:\/\/www.ippasso.com.br\/site\/wp-content\/uploads\/cache\/2018\/05\/9_img-17\/2259185893.jpg\" class=\"fg-image\" \/><\/a><figcaption class=\"fg-caption\"><div class=\"fg-caption-inner\"><\/div><\/figcaption><\/figure><\/div><div class=\"fg-item\"><figure class=\"fg-item-inner\"><a  href=\"https:\/\/www.ippasso.com.br\/site\/wp-content\/uploads\/2018\/05\/9_img-18.jpg\" data-attachment-id=\"723\" class=\" fg-thumb\"><img  width=\"150\" height=\"113\" data-src-fg=\"https:\/\/www.ippasso.com.br\/site\/wp-content\/uploads\/cache\/2018\/05\/9_img-18\/2937206501.jpg\" class=\"fg-image\" \/><\/a><figcaption class=\"fg-caption\"><div class=\"fg-caption-inner\"><\/div><\/figcaption><\/figure><\/div><div class=\"fg-item\"><figure class=\"fg-item-inner\"><a  href=\"https:\/\/www.ippasso.com.br\/site\/wp-content\/uploads\/2018\/05\/9_img-19.jpg\" data-attachment-id=\"724\" class=\" fg-thumb\"><img  width=\"150\" height=\"113\" data-src-fg=\"https:\/\/www.ippasso.com.br\/site\/wp-content\/uploads\/cache\/2018\/05\/9_img-19\/3723269116.jpg\" class=\"fg-image\" \/><\/a><figcaption class=\"fg-caption\"><div class=\"fg-caption-inner\"><\/div><\/figcaption><\/figure><\/div><\/div>\n","protected":false},"excerpt":{"rendered":"<p>ACESSE O ORGANOGRAMA DO IPPASSO: ORGANOGRAMA &nbsp; CONSELHOS E COMIT\u00ca DE INVESTIMENTO: Para informa\u00e7\u00f5es referentes [&hellip;]<\/p>\n","protected":false},"author":1,"featured_media":0,"parent":0,"menu_order":0,"comment_status":"closed","ping_status":"closed","template":"","meta":[],"_links":{"self":[{"href":"https:\/\/www.ippasso.com.br\/site\/wp-json\/wp\/v2\/pages\/35"}],"collection":[{"href":"https:\/\/www.ippasso.com.br\/site\/wp-json\/wp\/v2\/pages"}],"about":[{"href":"https:\/\/www.ippasso.com.br\/site\/wp-json\/wp\/v2\/types\/page"}],"author":[{"embeddable":true,"href":"https:\/\/www.ippasso.com.br\/site\/wp-json\/wp\/v2\/users\/1"}],"replies":[{"embeddable":true,"href":"https:\/\/www.ippasso.com.br\/site\/wp-json\/wp\/v2\/comments?post=35"}],"version-history":[{"count":8,"href":"https:\/\/www.ippasso.com.br\/site\/wp-json\/wp\/v2\/pages\/35\/revisions"}],"predecessor-version":[{"id":1124,"href":"https:\/\/www.ippasso.com.br\/site\/wp-json\/wp\/v2\/pages\/35\/revisions\/1124"}],"wp:attachment":[{"href":"https:\/\/www.ippasso.com.br\/site\/wp-json\/wp\/v2\/media?parent=35"}],"curies":[{"name":"wp","href":"https:\/\/api.w.org\/{rel}","templated":true}]}}