{"id":28,"date":"2016-03-14T20:47:40","date_gmt":"2016-03-14T20:47:40","guid":{"rendered":"https:\/\/www.ippasso.com.br\/site\/?page_id=28"},"modified":"2026-01-08T09:44:42","modified_gmt":"2026-01-08T12:44:42","slug":"conselho-deliberativo","status":"publish","type":"page","link":"https:\/\/www.ippasso.com.br\/site\/conselho-deliberativo\/","title":{"rendered":"Conselho Deliberativo"},"content":{"rendered":"<div>O Conselho Deliberativo \u00e9 \u00f3rg\u00e3o de normatiza\u00e7\u00e3o e de decis\u00e3o do IPPASSO. \u00c9 composto por segurados ativos e inativos para exercerem a fun\u00e7\u00e3o de membros titulares e suplentes do Conselho, por um per\u00edodo de 03 (tr\u00eas) anos, permitida a recondu\u00e7\u00e3o. S\u00e3o no n\u00famero de 5 (cinco), sendo dois indicados pelo Poder Executivo e tr\u00eas eleitos pelos servidores municipais estatut\u00e1rios.<\/div>\n<p><b>MEMBROS<\/b><\/p>\n<p><b>Titulares<\/b><\/p>\n<ul>\n<li>Ivone Aimi Camargo<\/li>\n<li>Luiz Fernando Nadal da Silva<\/li>\n<li>Everson da Luz Lopes<\/li>\n<li>Marcelo Muller Carneiro<\/li>\n<li>Eliane R\u00fabia Tondolo<\/li>\n<\/ul>\n<p>&nbsp;<\/p>\n<ul>\n<li><strong>Acesse as atas no menu &#8220;Transpar\u00eancia&#8221; e o calend\u00e1rio de reuni\u00f5es no item &#8220;Publica\u00e7\u00f5es-Reuni\u00f5es&#8221;<\/strong><\/li>\n<\/ul>\n","protected":false},"excerpt":{"rendered":"<p>O Conselho Deliberativo \u00e9 \u00f3rg\u00e3o de normatiza\u00e7\u00e3o e de decis\u00e3o do IPPASSO. \u00c9 composto por [&hellip;]<\/p>\n","protected":false},"author":1,"featured_media":0,"parent":0,"menu_order":0,"comment_status":"closed","ping_status":"closed","template":"","meta":[],"_links":{"self":[{"href":"https:\/\/www.ippasso.com.br\/site\/wp-json\/wp\/v2\/pages\/28"}],"collection":[{"href":"https:\/\/www.ippasso.com.br\/site\/wp-json\/wp\/v2\/pages"}],"about":[{"href":"https:\/\/www.ippasso.com.br\/site\/wp-json\/wp\/v2\/types\/page"}],"author":[{"embeddable":true,"href":"https:\/\/www.ippasso.com.br\/site\/wp-json\/wp\/v2\/users\/1"}],"replies":[{"embeddable":true,"href":"https:\/\/www.ippasso.com.br\/site\/wp-json\/wp\/v2\/comments?post=28"}],"version-history":[{"count":29,"href":"https:\/\/www.ippasso.com.br\/site\/wp-json\/wp\/v2\/pages\/28\/revisions"}],"predecessor-version":[{"id":2867,"href":"https:\/\/www.ippasso.com.br\/site\/wp-json\/wp\/v2\/pages\/28\/revisions\/2867"}],"wp:attachment":[{"href":"https:\/\/www.ippasso.com.br\/site\/wp-json\/wp\/v2\/media?parent=28"}],"curies":[{"name":"wp","href":"https:\/\/api.w.org\/{rel}","templated":true}]}}