{"id":21,"date":"2016-03-14T20:41:54","date_gmt":"2016-03-14T20:41:54","guid":{"rendered":"https:\/\/www.ippasso.com.br\/site\/?page_id=21"},"modified":"2026-01-08T09:43:53","modified_gmt":"2026-01-08T12:43:53","slug":"comite-de-investimento","status":"publish","type":"page","link":"https:\/\/www.ippasso.com.br\/site\/comite-de-investimento\/","title":{"rendered":"Comit\u00ea de Investimentos"},"content":{"rendered":"<div>O Comit\u00ea de Investimentos do IPPASSO, criado pela Lei 5018 de 14 de outubro de 2013 que alterou a lei 4221 de 05 de janeiro de 2005 \u00e9 composto por cinco membros, sendo de car\u00e1ter permanente o presidente e o diretor financeiro do Instituto e mais tr\u00eas membros, servidores ativos ou inativos, indicados pelo presidente do IPPASSO, com mandato de tr\u00eas anos.<\/div>\n<div><\/div>\n<div><\/div>\n<div><strong>Membros:<\/strong><\/div>\n<div><\/div>\n<div>CLEONICE MARTA PICCINI GARCIA<br \/>\nFRANCELI DO CARMO<br \/>\nFELIPE DE ALMEIDA SILVEIRA<br \/>\nK\u00c1REN PETRIKOVSKI DE OLIVEIRA CAVALLI<br \/>\nCARLA ROSE ROMAN<\/div>\n<div><\/div>\n<div><\/div>\n<p>https:\/\/leismunicipais.com.br\/a1\/rs\/p\/passo-fundo\/lei-ordinaria\/2013\/501\/5018\/lei-ordinaria-n-5018-2013-altera-a-lei-n-4221-de-11-de-janeiro-de-2005-que-dispoe-sobre-o-instituto-de-previdencia-social-dos-servidores-titulares-de-cargo-efetivo-no-municipio-de-passo-fundo-ippasso-e-da-outras-providencias.html<\/p>\n<div><\/div>\n<div><\/div>\n<div><\/div>\n<div><strong>Acesse as atas no menu \u201cTranspar\u00eancia\u201d e o calend\u00e1rio de reuni\u00f5es no item \u201cPublica\u00e7\u00f5es-Reuni\u00f5es\u201d<\/strong><\/div>\n","protected":false},"excerpt":{"rendered":"<p>O Comit\u00ea de Investimentos do IPPASSO, criado pela Lei 5018 de 14 de outubro de [&hellip;]<\/p>\n","protected":false},"author":1,"featured_media":0,"parent":0,"menu_order":0,"comment_status":"closed","ping_status":"closed","template":"","meta":[],"_links":{"self":[{"href":"https:\/\/www.ippasso.com.br\/site\/wp-json\/wp\/v2\/pages\/21"}],"collection":[{"href":"https:\/\/www.ippasso.com.br\/site\/wp-json\/wp\/v2\/pages"}],"about":[{"href":"https:\/\/www.ippasso.com.br\/site\/wp-json\/wp\/v2\/types\/page"}],"author":[{"embeddable":true,"href":"https:\/\/www.ippasso.com.br\/site\/wp-json\/wp\/v2\/users\/1"}],"replies":[{"embeddable":true,"href":"https:\/\/www.ippasso.com.br\/site\/wp-json\/wp\/v2\/comments?post=21"}],"version-history":[{"count":31,"href":"https:\/\/www.ippasso.com.br\/site\/wp-json\/wp\/v2\/pages\/21\/revisions"}],"predecessor-version":[{"id":2865,"href":"https:\/\/www.ippasso.com.br\/site\/wp-json\/wp\/v2\/pages\/21\/revisions\/2865"}],"wp:attachment":[{"href":"https:\/\/www.ippasso.com.br\/site\/wp-json\/wp\/v2\/media?parent=21"}],"curies":[{"name":"wp","href":"https:\/\/api.w.org\/{rel}","templated":true}]}}