{"id":19,"date":"2016-03-14T20:41:33","date_gmt":"2016-03-14T20:41:33","guid":{"rendered":"https:\/\/www.ippasso.com.br\/site\/?page_id=19"},"modified":"2026-01-28T15:43:33","modified_gmt":"2026-01-28T18:43:33","slug":"beneficios","status":"publish","type":"page","link":"https:\/\/www.ippasso.com.br\/site\/beneficios\/","title":{"rendered":"Benef\u00edcios\/Documenta\u00e7\u00e3o"},"content":{"rendered":"<p><b>Aposentadorias<\/b><br \/>\nA aposentadoria pode ser integral, proporcional por idade ou proporcional por invalidez. Veja todos as regras no Manual do Segurado.<\/p>\n<p>DOCUMENTOS NECESS\u00c1RIOS PARA ABERTURA DE PROCESSO DE APOSENTADORIA:<\/p>\n<p><a href=\"https:\/\/www.ippasso.com.br\/site\/wp-content\/uploads\/2026\/01\/documenta\u00e7ao-aposentadoria-comum.pdf\">APOSENTADORIA COMUM<\/a><\/p>\n<p><a href=\"https:\/\/www.ippasso.com.br\/site\/wp-content\/uploads\/2026\/01\/documenta\u00e7ao-aposentadoria-insalubridade.pdf\">APOSENTADORIA INSALUBRIDADE SV 33\/2014<\/a><\/p>\n<p><a href=\"https:\/\/www.ippasso.com.br\/site\/wp-content\/uploads\/2026\/01\/documenta\u00e7ao-aposentadoria-invalidez.pdf\">APOSENTADORIA INVALIDEZ<\/a><\/p>\n<p><a href=\"https:\/\/www.ippasso.com.br\/site\/wp-content\/uploads\/2026\/01\/documenta\u00e7ao-aposentadoria-professor.pdf\">APOSENTADORIA PROFESSOR<\/a><\/p>\n<p>&nbsp;<\/p>\n<p>DOCUMENTOS NECESS\u00c1RIOS PARA ABERTURA DE PROCESSO DE PENS\u00c3O:<\/p>\n<p><a href=\"https:\/\/www.ippasso.com.br\/site\/wp-content\/uploads\/2026\/01\/documenta\u00e7\u00e3o-companheiracompanheiro.pdf\">COMPANHEIRO(A)<\/a><\/p>\n<p><a href=\"https:\/\/www.ippasso.com.br\/site\/wp-content\/uploads\/2026\/01\/documenta\u00e7ao-conjuge-e-filhos.pdf\">CONJUGE E FILHOS<\/a><\/p>\n<p>&nbsp;<\/p>\n<p>DOCUMENTOS NECESS\u00c1RIOS PARA ABERTURA DE PROCESSO DE ISEN\u00c7\u00c3O DE IMPOSTO DE RENDA (PODE SER ABERTO PELO SITE):<\/p>\n<p><a href=\"https:\/\/www.ippasso.com.br\/site\/wp-content\/uploads\/2024\/10\/ISEN\u00c7\u00c3O-IR.pdf\">ISEN\u00c7\u00c3O IR<\/a><\/p>\n<p>&nbsp;<\/p>\n<p>DOCUMENTOS NECESS\u00c1RIOS PARA ABERTURA DE PROCESSO DE ABONO FAMILIAR:<\/p>\n<p><a href=\"https:\/\/www.ippasso.com.br\/site\/wp-content\/uploads\/2026\/01\/documenta\u00e7ao-abono-familiar.pdf\">ABONO FAMILIAR<\/a><\/p>\n<p>&nbsp;<\/p>\n<p>DOCUMENTOS NECESS\u00c1RIOS PARA ABERTURA DE PROCESSO DE REVIS\u00c3O DE PROCESSO DE APOSENTADORIA:<\/p>\n<p><a href=\"https:\/\/www.ippasso.com.br\/site\/wp-content\/uploads\/2024\/10\/DOCUMENTOS.pdf\">REVIS\u00c3O PROCESSO APOSENTADORIA<\/a><\/p>\n<p>&nbsp;<\/p>\n<p>DOCUMENTOS NECESS\u00c1RIOS PARA ABERTURA DE PROCESSO DE REVERS\u00c3O DE PROCESSO DE APOSENTADORIA:<\/p>\n<p><a href=\"https:\/\/www.ippasso.com.br\/site\/wp-content\/uploads\/2024\/10\/DOCUMENTOS-1.pdf\">REVERS\u00c3O DE APOSENTADORIA<\/a><\/p>\n<p>&nbsp;<\/p>\n<p>DOCUMENTOS NECESS\u00c1RIOS PARA ABERTURA DE PROCESSO DE C\u00d3PIA DE DOCUMENTOS:<\/p>\n<p><a href=\"https:\/\/www.ippasso.com.br\/site\/wp-content\/uploads\/2024\/10\/DOCUMENTOS-2.pdf\">C\u00d3PIA DE DOCUMENTOS<\/a><\/p>\n<p>&nbsp;<\/p>\n<p>DOCUMENTOS NECESS\u00c1RIOS PARA ABERTURA DE PROCESSO DE RECEBIMENTO DE RESCIS\u00c3O REFERENTE A APOSENTADO OU PENSIONISTA FALECIDO:<\/p>\n<p><a href=\"https:\/\/www.ippasso.com.br\/site\/wp-content\/uploads\/2024\/10\/documenta\u00e7\u00e3o.pdf\">RECEBIMENTO DE RESCIS\u00c3O<\/a><\/p>\n<p>&nbsp;<\/p>\n<p>DOCUMENTOS NECESS\u00c1RIOS PARA ABERTURA DE PROCESSO DE CTC (PODE SER ABERTO PELO SITE):<\/p>\n<p><a href=\"https:\/\/www.ippasso.com.br\/site\/wp-content\/uploads\/2024\/10\/documentos-ctc-1.pdf\">\u00a0CTC<\/a><\/p>\n<p>&nbsp;<\/p>\n<p>DOCUMENTOS NECESS\u00c1RIOS PARA INCLUS\u00c3O DE DEPENDENTE:<\/p>\n<p><a href=\"https:\/\/www.ippasso.com.br\/site\/wp-content\/uploads\/2024\/10\/ABERTURA-INCLUS\u00c3O-DEPENDENTE-DOCUMENTA\u00c7\u00c3O.pdf\">ABERTURA INCLUS\u00c3O DEPENDENTE DOCUMENTA\u00c7\u00c3O<\/a><\/p>\n<p>&nbsp;<\/p>\n<p>PROCESSOS DE ABONO DE PERMAN\u00caNCIA E DE AVERBA\u00c7\u00c3O DE TEMPO DE CONTRIBUI\u00c7\u00c3O S\u00c3O ABERTOS NO PROTOCOLO OU NO SITE DA PREFEITURA MUNICIPAL DE PASSO FUNDO<\/p>\n<p><a href=\"https:\/\/www.ippasso.com.br\/site\/wp-content\/uploads\/2025\/02\/Averba\u00e7\u00e3o-de-tempo-do-INSS-na-Prefeitura.pdf\">ORIENTA\u00c7\u00d5ES AVERBA\u00c7\u00c3O DE TEMPO E ABONO DE PERMAN\u00caNCIA<\/a><\/p>\n","protected":false},"excerpt":{"rendered":"<p>Aposentadorias A aposentadoria pode ser integral, proporcional por idade ou proporcional por invalidez. Veja todos [&hellip;]<\/p>\n","protected":false},"author":1,"featured_media":0,"parent":0,"menu_order":0,"comment_status":"closed","ping_status":"closed","template":"","meta":[],"_links":{"self":[{"href":"https:\/\/www.ippasso.com.br\/site\/wp-json\/wp\/v2\/pages\/19"}],"collection":[{"href":"https:\/\/www.ippasso.com.br\/site\/wp-json\/wp\/v2\/pages"}],"about":[{"href":"https:\/\/www.ippasso.com.br\/site\/wp-json\/wp\/v2\/types\/page"}],"author":[{"embeddable":true,"href":"https:\/\/www.ippasso.com.br\/site\/wp-json\/wp\/v2\/users\/1"}],"replies":[{"embeddable":true,"href":"https:\/\/www.ippasso.com.br\/site\/wp-json\/wp\/v2\/comments?post=19"}],"version-history":[{"count":17,"href":"https:\/\/www.ippasso.com.br\/site\/wp-json\/wp\/v2\/pages\/19\/revisions"}],"predecessor-version":[{"id":2888,"href":"https:\/\/www.ippasso.com.br\/site\/wp-json\/wp\/v2\/pages\/19\/revisions\/2888"}],"wp:attachment":[{"href":"https:\/\/www.ippasso.com.br\/site\/wp-json\/wp\/v2\/media?parent=19"}],"curies":[{"name":"wp","href":"https:\/\/api.w.org\/{rel}","templated":true}]}}