{"id":1853,"date":"2022-08-23T10:07:58","date_gmt":"2022-08-23T13:07:58","guid":{"rendered":"https:\/\/www.ippasso.com.br\/site\/?page_id=1853"},"modified":"2025-06-26T15:48:10","modified_gmt":"2025-06-26T18:48:10","slug":"isencao-imposto-de-renda","status":"publish","type":"page","link":"https:\/\/www.ippasso.com.br\/site\/isencao-imposto-de-renda\/","title":{"rendered":"Isen\u00e7\u00e3o Imposto de Renda"},"content":{"rendered":"<p>Os servidores inativos que se enquadram no rol de doen\u00e7as graves \/ contagiosas \/ incur\u00e1veis, na forma da lei, poder\u00e3o solicitar isen\u00e7\u00e3o de Imposto de Renda junto ao IPPASSO.<\/p>\n<p>Requisitos:<\/p>\n<ul>\n<li>Ser servidor aposentado<\/li>\n<li>Possuir laudo m\u00e9dico com CID-10 que comprove a condi\u00e7\u00e3o para isen\u00e7\u00e3o<\/li>\n<li>Abrir processo administrativo:<\/li>\n<\/ul>\n<p><a href=\"https:\/\/www.pmpf.rs.gov.br\/secretaria-de-administracao\/servicos\/abertura-de-processos-eletronico\/\">https:\/\/www.pmpf.rs.gov.br\/secretaria-de-administracao\/servicos\/abertura-de-processos-eletronico\/<\/a><\/p>\n<p>&nbsp;<\/p>\n<p><a href=\"https:\/\/www.ippasso.com.br\/site\/wp-content\/uploads\/2025\/06\/MODELO-REQUERIMENTO-ISENCAO-DE-IR.pdf\">MODELO REQUERIMENTO ISENCAO DE IR<\/a><\/p>\n","protected":false},"excerpt":{"rendered":"<p>Os servidores inativos que se enquadram no rol de doen\u00e7as graves \/ contagiosas \/ incur\u00e1veis, [&hellip;]<\/p>\n","protected":false},"author":8,"featured_media":0,"parent":0,"menu_order":0,"comment_status":"closed","ping_status":"closed","template":"","meta":[],"_links":{"self":[{"href":"https:\/\/www.ippasso.com.br\/site\/wp-json\/wp\/v2\/pages\/1853"}],"collection":[{"href":"https:\/\/www.ippasso.com.br\/site\/wp-json\/wp\/v2\/pages"}],"about":[{"href":"https:\/\/www.ippasso.com.br\/site\/wp-json\/wp\/v2\/types\/page"}],"author":[{"embeddable":true,"href":"https:\/\/www.ippasso.com.br\/site\/wp-json\/wp\/v2\/users\/8"}],"replies":[{"embeddable":true,"href":"https:\/\/www.ippasso.com.br\/site\/wp-json\/wp\/v2\/comments?post=1853"}],"version-history":[{"count":7,"href":"https:\/\/www.ippasso.com.br\/site\/wp-json\/wp\/v2\/pages\/1853\/revisions"}],"predecessor-version":[{"id":2617,"href":"https:\/\/www.ippasso.com.br\/site\/wp-json\/wp\/v2\/pages\/1853\/revisions\/2617"}],"wp:attachment":[{"href":"https:\/\/www.ippasso.com.br\/site\/wp-json\/wp\/v2\/media?parent=1853"}],"curies":[{"name":"wp","href":"https:\/\/api.w.org\/{rel}","templated":true}]}}