{"id":1849,"date":"2022-08-22T14:12:33","date_gmt":"2022-08-22T17:12:33","guid":{"rendered":"https:\/\/www.ippasso.com.br\/site\/?page_id=1849"},"modified":"2025-06-26T15:47:38","modified_gmt":"2025-06-26T18:47:38","slug":"certidao-tempo-contribuicao","status":"publish","type":"page","link":"https:\/\/www.ippasso.com.br\/site\/certidao-tempo-contribuicao\/","title":{"rendered":"CTC"},"content":{"rendered":"<p>Os ex-servidores efetivos do IPPASSO, bem como inativos que n\u00e3o utilizaram todo o tempo de contribui\u00e7\u00e3o na aposentadoria, poder\u00e3o solicitar Certid\u00e3o de Tempo de Contribui\u00e7\u00e3o do IPPASSO.<\/p>\n<p>Para requerer, acesse o link abaixo, no menu\u00a0SERVI\u00c7O ELETR\u00d4NICO \/ CERTID\u00c3O DE TEMPO DE SERVI\u00c7O<\/p>\n<p>&nbsp;<\/p>\n<p><a href=\"https:\/\/www.pmpf.rs.gov.br\/portal-do-servidor-publico\/servicos\/certidao-por-tempo-de-contribuicao\/\">https:\/\/www.pmpf.rs.gov.br\/portal-do-servidor-publico\/servicos\/certidao-por-tempo-de-contribuicao\/<\/a><\/p>\n<p>&nbsp;<\/p>\n<p><a href=\"https:\/\/www.ippasso.com.br\/site\/wp-content\/uploads\/2025\/06\/MODELO-REQUERIMENTO-CTC.pdf\">MODELO REQUERIMENTO CTC<\/a><\/p>\n","protected":false},"excerpt":{"rendered":"<p>Os ex-servidores efetivos do IPPASSO, bem como inativos que n\u00e3o utilizaram todo o tempo de [&hellip;]<\/p>\n","protected":false},"author":8,"featured_media":0,"parent":0,"menu_order":0,"comment_status":"closed","ping_status":"closed","template":"","meta":[],"_links":{"self":[{"href":"https:\/\/www.ippasso.com.br\/site\/wp-json\/wp\/v2\/pages\/1849"}],"collection":[{"href":"https:\/\/www.ippasso.com.br\/site\/wp-json\/wp\/v2\/pages"}],"about":[{"href":"https:\/\/www.ippasso.com.br\/site\/wp-json\/wp\/v2\/types\/page"}],"author":[{"embeddable":true,"href":"https:\/\/www.ippasso.com.br\/site\/wp-json\/wp\/v2\/users\/8"}],"replies":[{"embeddable":true,"href":"https:\/\/www.ippasso.com.br\/site\/wp-json\/wp\/v2\/comments?post=1849"}],"version-history":[{"count":4,"href":"https:\/\/www.ippasso.com.br\/site\/wp-json\/wp\/v2\/pages\/1849\/revisions"}],"predecessor-version":[{"id":2615,"href":"https:\/\/www.ippasso.com.br\/site\/wp-json\/wp\/v2\/pages\/1849\/revisions\/2615"}],"wp:attachment":[{"href":"https:\/\/www.ippasso.com.br\/site\/wp-json\/wp\/v2\/media?parent=1849"}],"curies":[{"name":"wp","href":"https:\/\/api.w.org\/{rel}","templated":true}]}}