{"id":1464,"date":"2021-02-23T16:04:35","date_gmt":"2021-02-23T19:04:35","guid":{"rendered":"https:\/\/www.ippasso.com.br\/site\/?page_id=1464"},"modified":"2026-04-22T15:22:57","modified_gmt":"2026-04-22T18:22:57","slug":"extratos-ippasso","status":"publish","type":"page","link":"https:\/\/www.ippasso.com.br\/site\/extratos-ippasso\/","title":{"rendered":"Extratos IPPASSO"},"content":{"rendered":"<p>Abril\/2026<\/p>\n<p><a href=\"https:\/\/www.ippasso.com.br\/site\/wp-content\/uploads\/2026\/04\/extrato.pdf\">extrato empenho compra de \u00e1gua dispensa de licita\u00e7\u00e3o 04\/2026<\/a><\/p>\n<p>Mar\u00e7o\/2026<\/p>\n<p><a href=\"https:\/\/www.ippasso.com.br\/site\/wp-content\/uploads\/2026\/04\/extrato-unifique-1.pdf\">extrato contrato unifique dispensa de licita\u00e7\u00e3o 02\/2026<\/a><\/p>\n<p><a href=\"https:\/\/www.ippasso.com.br\/site\/wp-content\/uploads\/2026\/03\/extrato-globaltech.pdf\">extrato contrato globaltech site dispensa de licita\u00e7\u00e3o 03\/2026<\/a><\/p>\n<p><a href=\"https:\/\/www.ippasso.com.br\/site\/wp-content\/uploads\/2026\/03\/athena-impressoras-2-aditivo.pdf\">athena impressoras 2\u00ba aditivo<\/a><\/p>\n<p>Fevereiro\/2026<\/p>\n<p><a href=\"https:\/\/www.ippasso.com.br\/site\/wp-content\/uploads\/2026\/02\/referencia-extrato.pdf\">referencia contrato 01\/2026 dispensa de licita\u00e7\u00e3o 01\/2026<\/a><\/p>\n<p>&nbsp;<\/p>\n<p>Novembro\/2025<\/p>\n<p><a href=\"https:\/\/www.ippasso.com.br\/site\/wp-content\/uploads\/2025\/11\/site.pdf\">contrato caixa folha ippasso<\/a><\/p>\n<p>&nbsp;<\/p>\n<p>Outubro\/2025<\/p>\n<p><a href=\"https:\/\/www.ippasso.com.br\/site\/wp-content\/uploads\/2025\/10\/Comunicado-Migra\u00e7\u00e3o-da-Folha-de-Pagamento-2.pdf\">Comunicado Migra\u00e7\u00e3o da Folha de Pagamento<\/a><\/p>\n<p>Setembro\/2025<\/p>\n<p><a href=\"https:\/\/www.ippasso.com.br\/site\/wp-content\/uploads\/2025\/09\/extrato-alm.pdf\">contrato alm<\/a><\/p>\n<p><a href=\"https:\/\/www.ippasso.com.br\/site\/wp-content\/uploads\/2025\/09\/2-aditivo-lumens.pdf\">2 aditivo contrato lumens atu\u00e1rio<\/a><\/p>\n<p><a href=\"https:\/\/www.ippasso.com.br\/site\/wp-content\/uploads\/2025\/09\/extrato-consignet.pdf\">contrato consignet<\/a><\/p>\n<p><a href=\"https:\/\/www.ippasso.com.br\/site\/wp-content\/uploads\/2025\/09\/2-aditivo-geprev-simula\u00e7\u00f5es-e-ctc-1.pdf\">2 aditivo geprev simula\u00e7\u00f5es e ctc<\/a><\/p>\n<p><a href=\"https:\/\/www.ippasso.com.br\/site\/wp-content\/uploads\/2025\/09\/publicacoes-mat-exp-e-pereciveis-1.pdf\">compra material de expediente e perec\u00edveis<\/a><\/p>\n<p>&nbsp;<\/p>\n<p>Agosto\/2025<\/p>\n<p><a href=\"https:\/\/www.ippasso.com.br\/site\/wp-content\/uploads\/2025\/08\/ciee-aditivo.pdf\">ciee aditivo<\/a><\/p>\n<p><a href=\"https:\/\/www.ippasso.com.br\/site\/wp-content\/uploads\/2025\/08\/rescisao-mhnet.pdf\">rescisao contrato mhnet<\/a><\/p>\n<p><a href=\"https:\/\/www.ippasso.com.br\/site\/wp-content\/uploads\/2025\/08\/aditivo-delta.pdf\">aditivo delta seguran\u00e7a<\/a><\/p>\n<p><a href=\"https:\/\/www.ippasso.com.br\/site\/wp-content\/uploads\/2025\/08\/mhnet.pdf\">contrato mhnet internet<\/a><\/p>\n<p><a href=\"https:\/\/www.ippasso.com.br\/site\/wp-content\/uploads\/2025\/08\/AVISO-COMPUTADORES.pdf\">Compra COMPUTADORES dispensa 13\/2025<\/a><\/p>\n<p>&nbsp;<\/p>\n<p>Julho\/2025<\/p>\n<p><a href=\"https:\/\/www.ippasso.com.br\/site\/wp-content\/uploads\/2025\/07\/extrato-1\u00ba-aditivo-tofi.pdf\">\u00a01\u00ba aditivo tofi contabilidade<\/a><\/p>\n<p><a href=\"https:\/\/www.ippasso.com.br\/site\/wp-content\/uploads\/2025\/07\/extrato-contrato-garra.pdf\">extrato contrato garra limpeza<\/a><\/p>\n<p>&nbsp;<\/p>\n<p>Junho\/2025<\/p>\n<p><a href=\"https:\/\/www.ippasso.com.br\/site\/wp-content\/uploads\/2025\/06\/juridico-1\u00ba-aditivo.pdf\">1\u00ba aditivo jur\u00eddico<\/a><\/p>\n<p><a href=\"https:\/\/www.ippasso.com.br\/site\/wp-content\/uploads\/2025\/06\/igam-3-aditivo.pdf\">3\u00ba aditivo IGAM<\/a><\/p>\n<p>&nbsp;<\/p>\n<p>Mar\u00e7o\/2025<\/p>\n<p><a href=\"https:\/\/www.ippasso.com.br\/site\/wp-content\/uploads\/2025\/03\/athena-extrato.pdf\">1\u00ba aditivo athena impressoras<\/a><\/p>\n<p><a href=\"https:\/\/www.ippasso.com.br\/site\/wp-content\/uploads\/2025\/03\/franciele-limpeza.pdf\">1\u00ba aditivo franciele limpeza<\/a><\/p>\n<p><a href=\"https:\/\/www.ippasso.com.br\/site\/wp-content\/uploads\/2025\/03\/globaltech.pdf\">4\u00b0 aditivo globaltech site ippasso<\/a><\/p>\n<p>&nbsp;<\/p>\n<p>Fevereiro\/2025:<\/p>\n<p><a href=\"https:\/\/www.ippasso.com.br\/site\/wp-content\/uploads\/2025\/02\/aditivos-referencia.pdf\">4\u00b0 aditivos referencia<\/a><\/p>\n<p>&nbsp;<\/p>\n<p>Outubro\/2024:<\/p>\n<p><a href=\"https:\/\/www.ippasso.com.br\/site\/wp-content\/uploads\/2024\/10\/1-aditivo-geprev.pdf\">1\u00ba aditivo geprev<\/a><\/p>\n<p>&nbsp;<\/p>\n<p>Setembro\/2024:<\/p>\n<p><a href=\"https:\/\/www.ippasso.com.br\/site\/wp-content\/uploads\/2024\/09\/1\u00ba-ADITIVO-LUMENS-ATUARIAL.pdf\">1\u00ba aditivo lumens atuarial<\/a><\/p>\n<p><a href=\"https:\/\/www.ippasso.com.br\/site\/wp-content\/uploads\/2024\/09\/maxidelta-aditivo.pdf\">maxidelta seguran\u00e7a aditivo<\/a><\/p>\n<p>&nbsp;<\/p>\n<p>Agosto\/2024:<\/p>\n<p><a href=\"https:\/\/www.ippasso.com.br\/site\/wp-content\/uploads\/2024\/08\/ciee-agosto-2024-2.pdf\">ciee empresa est\u00e1gios agosto 2024<\/a><\/p>\n<p>&nbsp;<\/p>\n<p>Julho\/2024:<\/p>\n<p><a href=\"https:\/\/www.ippasso.com.br\/site\/wp-content\/uploads\/2024\/07\/tofi-publica\u00e7\u00e3o.pdf\">Contrato servi\u00e7os cont\u00e1beis\u00a0 &#8211; Concorr\u00eancia Eletr\u00f4nica 03\/2024<\/a><\/p>\n<p>Maio\/2024:<\/p>\n<p><a href=\"https:\/\/www.ippasso.com.br\/site\/wp-content\/uploads\/2024\/06\/PUBLICACAO-SIGM-8-ADITIVO.pdf\">SIGM 8 ADITIVO<\/a><\/p>\n<p><a href=\"https:\/\/www.ippasso.com.br\/site\/wp-content\/uploads\/2024\/05\/publica\u00e7\u00e3o-igam.pdf\">2\u00ba aditivo contrato assessoria igam<\/a><\/p>\n<p><a href=\"https:\/\/www.ippasso.com.br\/site\/wp-content\/uploads\/2024\/05\/publica\u00e7\u00e3o-kelly.pdf\">Contrato jur\u00eddico &#8211; Concorr\u00eancia Eletr\u00f4nica 02\/2024<\/a><\/p>\n<p>&nbsp;<\/p>\n<p>Mar\u00e7o\/2024:<\/p>\n<p><a href=\"https:\/\/www.ippasso.com.br\/site\/wp-content\/uploads\/2024\/05\/contrato-limpeza-05-2024.pdf\">contrato limpeza 05 2024<\/a><\/p>\n<p><a href=\"https:\/\/www.ippasso.com.br\/site\/wp-content\/uploads\/2024\/03\/aditivo-jur\u00eddico.pdf\">aditivo jur\u00eddico Pessolano e Pacheco &#8211; Tomada de Pre\u00e7os 02\/2020<\/a><\/p>\n<p>&nbsp;<\/p>\n<p><strong>CONTRATO 06\/2024 &#8211; DISPENSA DE LICITA\u00c7\u00c3O<\/strong><\/p>\n<p><strong>OBJETO:<\/strong>\u00a0Contrata\u00e7\u00e3o de presta\u00e7\u00e3o de servi\u00e7os de loca\u00e7\u00e3o de impressoras.<\/p>\n<p><strong>PROCESSO IPPASSO:<\/strong> 2024\/819<\/p>\n<p><strong>DATA:<\/strong>\u00a012\/03\/2024<\/p>\n<p><a href=\"https:\/\/www.ippasso.com.br\/site\/wp-content\/uploads\/2024\/03\/contrato-impressoras.pdf\">contrato impressoras<\/a><\/p>\n<p>&nbsp;<\/p>\n<p><strong>CONTRATO 05\/2024 &#8211; PREG\u00c3O ELETR\u00d4NICO 01\/2023<\/strong><\/p>\n<p><strong>OBJETO:<\/strong>\u00a0Anula o contrato 03\/2024 e realiza contrata\u00e7\u00e3o de Empresa Especializada para presta\u00e7\u00e3o de servi\u00e7os de copa, limpeza, higieniza\u00e7\u00e3o e sanifica\u00e7\u00e3o, com fornecimento dos materiais e da m\u00e3o de obra necess\u00e1ria, pelo per\u00edodo de 12 meses.<\/p>\n<p><strong>PROCESSO IPPASSO:<\/strong>\u00a02023\/55343<\/p>\n<p><strong>DATA:<\/strong>\u00a011\/03\/2024<\/p>\n<p><a href=\"https:\/\/www.ippasso.com.br\/site\/wp-content\/uploads\/2024\/03\/contrato-limpeza-05-2024.pdf\">contrato limpeza 05 2024<\/a><\/p>\n<p>Fevereiro\/2024:<\/p>\n<p><strong>EXTRATO 01\/2024<\/strong><\/p>\n<p><strong>CONTRATO 03\/2024 &#8211; PREG\u00c3O ELETR\u00d4NICO 01\/2023<\/strong><\/p>\n<p><strong>OBJETO:<\/strong>\u00a0A contrata\u00e7\u00e3o de Empresa Especializada para presta\u00e7\u00e3o de servi\u00e7os de copa, limpeza, higieniza\u00e7\u00e3o e sanifica\u00e7\u00e3o, com fornecimento dos materiais e da m\u00e3o de obra necess\u00e1ria, pelo per\u00edodo de 12 meses.<\/p>\n<p><strong>PROCESSO IPPASSO:<\/strong>\u00a02023\/55343<\/p>\n<p><strong>DATA:<\/strong>\u00a026\/02\/2024<\/p>\n<p><a href=\"https:\/\/www.ippasso.com.br\/site\/wp-content\/uploads\/2024\/02\/contrato-limpeza-e-3-aditivo-globaltech-site.pdf\">contrato limpeza e 3 aditivo globaltech site<\/a><\/p>\n<p><a href=\"https:\/\/www.ippasso.com.br\/site\/wp-content\/uploads\/2024\/02\/contrato-assessoria-financeira-e-dpin-e-dair-aditivos.pdf\">3\u00ba aditivo contratos assessoria financeira e dpin e dair<\/a><\/p>\n<p>&nbsp;<\/p>\n<p>Setembro 2023:<\/p>\n<p><strong>EXTRATO 04\/2023<\/strong><\/p>\n<p><strong>CONTRATA\u00c7\u00c3O EMERGENCIAL<\/strong><\/p>\n<p><strong>OBJETO:<\/strong>\u00a0A contrata\u00e7\u00e3o de Empresa Especializada para presta\u00e7\u00e3o de servi\u00e7os de copa, limpeza, higieniza\u00e7\u00e3o e sanifica\u00e7\u00e3o, 3 h trabalhadas por dia, 15h semanais, 5 vezes por semana, pelo per\u00edodo de 06 (seis) meses.<\/p>\n<p><strong>PROCESSO IPPASSO:<\/strong>\u00a02023\/43621<\/p>\n<p><strong>DATA:<\/strong>\u00a013\/09\/2023<\/p>\n<p><a href=\"https:\/\/www.ippasso.com.br\/site\/wp-content\/uploads\/2023\/09\/30-setembro-emergencial-limpeza.pdf\">contrato emergencial limpeza empresa Clean limp<\/a><\/p>\n<p>&nbsp;<\/p>\n<p>Agosto 2023:<\/p>\n<p><a href=\"https:\/\/www.ippasso.com.br\/site\/wp-content\/uploads\/2023\/08\/2-aditivo-contrato-delta-1.pdf\">2 aditivo contrato<\/a>\u00a0dispensa de licita\u00e7\u00e3o 04\/2021 &#8211; contrata\u00e7\u00e3o de presta\u00e7\u00e3o de servi\u00e7os de monitoramento de alarme<\/p>\n<p><strong>EXTRATO 02\/2023<\/strong><\/p>\n<p><strong>DISPENSA DE LICITA\u00c7\u00c3O<\/strong><\/p>\n<p><strong>OBJETO:<\/strong> \u00c9 objeto desta dispensa de licita\u00e7\u00e3o a contrata\u00e7\u00e3o de empresa especializada para realiza\u00e7\u00e3o de <strong>presta\u00e7\u00e3o de servi\u00e7os de Assessoria e Consultoria T\u00e9cnica em servi\u00e7os t\u00e9cnicos atuariais especializados pelo per\u00edodo de 12 meses,\u00a0<\/strong>com o fornecimento dos materiais e da m\u00e3o de obra necess\u00e1rios.<\/p>\n<p><strong>PROCESSO IPPASSO:<\/strong>\u00a02023\/33324<\/p>\n<p><strong>DATA:<\/strong>\u00a007\/08\/2023<\/p>\n<p>Maiores informa\u00e7\u00f5es no e-mail: ippasso@ippasso.com.br<\/p>\n<p><a href=\"https:\/\/www.ippasso.com.br\/site\/wp-content\/uploads\/2023\/09\/31-SETEMBRO-LUMENS-CONTRATO.pdf\">Contrato servi\u00e7os atuarias, dispensa de licita\u00e7\u00e3o, extrato 02\/2023<\/a><\/p>\n<p><strong>EXTRATO 03\/2023<\/strong><\/p>\n<p><strong>DISPENSA DE LICITA\u00c7\u00c3O<\/strong><\/p>\n<p><strong>OBJETO:\u00a0<\/strong>\u00c9 objeto desta dispensa de licita\u00e7\u00e3o a contrata\u00e7\u00e3o de licen\u00e7a de uso de sistema web para a realiza\u00e7\u00e3o de simula\u00e7\u00f5es de aposentadorias e pens\u00f5es e emiss\u00e3o de Certid\u00f5es\/Declara\u00e7\u00f5es de Tempo de Contribui\u00e7\u00e3o para o IPPASSO, pelo per\u00edodo de 1 ano.<\/p>\n<p><strong>PROCESSO IPPASSO:<\/strong>\u00a02023\/37646<\/p>\n<p><strong>DATA:<\/strong>\u00a008\/08\/2023<\/p>\n<p>Maiores informa\u00e7\u00f5es no e-mail: ippasso@ippasso.com.br<\/p>\n<p><a href=\"https:\/\/www.ippasso.com.br\/site\/wp-content\/uploads\/2023\/08\/contrato-sistema-web.pdf\">contrato sistema web<\/a>\u00a0&#8211; dispensa de licita\u00e7\u00e3o n\u00ba 03\/2023 &#8211;\u00a0Licen\u00e7a de Uso Anual do SISTEMA WEB, para a realiza\u00e7\u00e3o de simula\u00e7\u00f5es de aposentadorias e pens\u00f5es e emiss\u00e3o de Certid\u00f5es\/Declara\u00e7\u00f5es de Tempo de Contribui\u00e7\u00e3o de uso exclusivo do LICENCIADO.<\/p>\n<p><a href=\"https:\/\/www.ippasso.com.br\/site\/wp-content\/uploads\/2023\/08\/4-aditivo-ciee.pdf\">4\u00ba aditivo contrato tomada de pre\u00e7os 02\/2019 &#8211; contrata\u00e7\u00e3o de ag\u00eancia integradora de est\u00e1gios para curso de gradua\u00e7\u00e3o<\/a><\/p>\n<p>&nbsp;<\/p>\n<p>Julho 2023:<\/p>\n<p><a href=\"https:\/\/www.ippasso.com.br\/site\/wp-content\/uploads\/2023\/07\/6-aditivo-cont\u00e1bil.pdf\">6\u00ba aditivo contrato tomada de pre\u00e7os 01\/2019 &#8211; contrata\u00e7\u00e3o de presta\u00e7\u00e3o de servi\u00e7os de escritura\u00e7\u00e3o cont\u00e1bil e afins<\/a><\/p>\n<p>&nbsp;<\/p>\n<p>Maio 2023:<\/p>\n<p><a href=\"https:\/\/www.ippasso.com.br\/site\/wp-content\/uploads\/2023\/05\/aditivo-sig.pdf\">6\u00ba aditivo ao conv\u00eanio 001\/2019 &#8211; utiliza\u00e7\u00e3o e manuten\u00e7\u00e3o de forma conjunta do sistema integrado de gest\u00e3o municipal SIGM<\/a><\/p>\n<p><a href=\"https:\/\/www.ippasso.com.br\/site\/wp-content\/uploads\/2023\/05\/1-aditivo-igam.pdf\">1\u00ba aditivo inexigibilidade de licita\u00e7\u00e3o &#8211; contrata\u00e7\u00e3o de informativos mensais igam\u00a0<\/a><\/p>\n<p>&nbsp;<\/p>\n<p>Mar\u00e7o 2023:<\/p>\n<p><a href=\"https:\/\/www.ippasso.com.br\/site\/wp-content\/uploads\/2023\/03\/5-aditivo-contrato-pessolano.pdf\">5\u00ba aditivo ao contrato particular &#8211; Tomada de Pre\u00e7os 02\/2020 &#8211; Presta\u00e7\u00e3o de Servi\u00e7os de Advocacia<\/a><\/p>\n<p>&nbsp;<\/p>\n<p>DISPENSA DE LICITA\u00c7\u00c3O 01\/2023 &#8211; PROCESSO IPPASSO 2022\/26052<\/p>\n<p>OBJETO: CERTIFICA\u00c7\u00c3O PELO ICQ BRASIL DO PROGRAMA PR\u00d3 GEST\u00c3O RPPS.<\/p>\n<p><a href=\"https:\/\/www.ippasso.com.br\/site\/wp-content\/uploads\/2023\/01\/contrato-pro-gest\u00e3o.pdf\">contrato pro gest\u00e3o<\/a><\/p>\n<p>&nbsp;<\/p>\n<p>PREG\u00c3O N\u00ba 02\/2022 &#8211; PROCESSO IPPASSO 2022\/21818<\/p>\n<p>OBJETO: CONTRATA\u00c7\u00c3O DE EMPRESA ESPECIALIZADA PARA A PRESTA\u00c7\u00c3O DE SERVI\u00c7OS DE LIMPEZA, HIGIENIZA\u00c7\u00c3O E SANIFICA\u00c7\u00c3O, COM FORNECIMENTO DE M\u00c3O-DE-OBRA NECESS\u00c1RIA, JUNTO \u00c0S DEPEND\u00caNCIAS DO IPPASSO.<\/p>\n<p><a href=\"https:\/\/www.ippasso.com.br\/site\/wp-content\/uploads\/2022\/09\/contrato-limpeza-2022.pdf\">contrato limpeza 16 2022<\/a><\/p>\n<p><a href=\"https:\/\/www.ippasso.com.br\/site\/wp-content\/uploads\/2023\/02\/contrato-preg\u00e3o-limpeza-1\u00ba-aditivo.pdf\">contrato preg\u00e3o limpeza 1\u00ba aditivo<\/a><\/p>\n<p>&nbsp;<\/p>\n<p>&nbsp;<\/p>\n<p>&nbsp;<\/p>\n<p>DISPENSA N\u00ba 004\/2018 &#8211; PROCESSO IPPASSO 2018\/26118<\/p>\n<p>OBJETO: LICEN\u00c7A ANUAL DO SICAP WEB, PARA USO DO LICENCIADO, OFERECIDO POR MEIO DE INTERNET.<\/p>\n<p><a href=\"https:\/\/www.ippasso.com.br\/site\/wp-content\/uploads\/2022\/09\/contrato-sicap-web-aditivo-2022.pdf\">\u00a04\u00ba e 5\u00ba aditivo Sicap Web<\/a><\/p>\n<p>&nbsp;<\/p>\n<p>&nbsp;<\/p>\n<p>TOMADA DE PRE\u00c7OS 02\/2018 &#8211; PROCESSO IPPASSO 2018\/9234<\/p>\n<p>OBJETO: CONTRATA\u00c7\u00c3O DE PRESTA\u00c7\u00c3O DE SERVI\u00c7OS ATUARIAIS.<\/p>\n<p><a href=\"https:\/\/www.ippasso.com.br\/site\/wp-content\/uploads\/2022\/08\/aditivos-maxidelta-e-lumens.pdf\">4\u00ba aditivo lumens<\/a><\/p>\n<p>&nbsp;<\/p>\n<p>DISPENSA DE LICITA\u00c7\u00c3O N\u00ba 04\/2021 &#8211; PROCESSO 2021\/23969<\/p>\n<p>OBJETO: CONTRATA\u00c7\u00c3O DE PRESTA\u00c7\u00c3O DE SERVI\u00c7OS DE MONITORAMENTO DE ALARME.<\/p>\n<p><a href=\"https:\/\/www.ippasso.com.br\/site\/wp-content\/uploads\/2022\/08\/aditivos-maxidelta-e-lumens-1.pdf\">1\u00ba aditivo maxxidelta<\/a><\/p>\n<p>&nbsp;<\/p>\n<p>&nbsp;<\/p>\n<p>TOMADA DE PRE\u00c7OS 02\/2019 &#8211; PROCESSO IPPASSO 2019\/14021.<\/p>\n<p>OBJETO: CONTRATA\u00c7\u00c3O DE AG\u00caNCIA INTEGRADORA DE EST\u00c1GIOS PARA O IPPASSO.<\/p>\n<p><a href=\"https:\/\/www.ippasso.com.br\/site\/wp-content\/uploads\/2022\/08\/aditivo-ciee.pdf\">3\u00ba aditivo ciee &#8211; prorroga\u00e7\u00e3o<\/a><\/p>\n<p>&nbsp;<\/p>\n<p>TOMADA DE PRE\u00c7OS 01\/2019 &#8211; PROCESSO IPPASSO 2019\/13705.<\/p>\n<p>OBJETO: CONTRATA\u00c7\u00c3O DE PRESTA\u00c7\u00c3O DE SERVI\u00c7OS DE CONTABILIDADE FINANCEIRA PARA ATENDER \u00c0S NECESSIDADES DO IPPASSO.<\/p>\n<p><a href=\"https:\/\/www.ippasso.com.br\/site\/wp-content\/uploads\/2022\/07\/revova\u00e7\u00e3o-contrato-tofi.pdf\">5\u00ba Aditivo contrato &#8211; prorroga\u00e7\u00e3o<\/a><\/p>\n<p>&nbsp;<\/p>\n<p>&nbsp;<\/p>\n<p>DISPENSA DE LICITA\u00c7\u00c3O &#8211; CONTRATO 010\/2022.<\/p>\n<p>OBJETO: CONTRATA\u00c7\u00c3O DO SISTEMA PORTAL DE COMPRAS P\u00daBLICAS PARA REALIZAR LICITA\u00c7\u00c3O EM MEIO DIGITAL.<\/p>\n<p>DATA: 30\/06\/2022.<\/p>\n<p><a href=\"https:\/\/www.ippasso.com.br\/site\/wp-content\/uploads\/2022\/07\/portal-de-compras-p\u00fablicas-contrato.pdf\">portal de compras p\u00fablicas contrato<\/a><\/p>\n<p>&nbsp;<\/p>\n<p>PROCESSO IPPASSO2022\/23645 &#8211; 23\/06\/2022<\/p>\n<p>OBJETO: RECEBIMENTO DE PROPOSTAS PARA A CONTRATA\u00c7\u00c3O DE PORTAL DE COMPRAS P\u00daBLICAS , PARA REALIZA\u00c7\u00c3O DE PREG\u00d5ES ELETR\u00d4NICOS.<\/p>\n<p>ENVIO POR EMAIL, PARA ippasso@ippasso.com.br, de 23\/06\/2022 A 30\/06\/2022.<\/p>\n<p>&nbsp;<\/p>\n<p>INEXIGIBILIDADE 01\/2022 &#8211; CONTRATO IPPASSO 08\/2022<\/p>\n<p>OBJETO: ASSINATURA DE INFORMATIVOS T\u00c9CNICOS DE ATUALIZA\u00c7\u00c3O MENSAL AOS MUNIC\u00cdPIOS.<\/p>\n<p>PROCESSO IPPASSO:2022\/18462<\/p>\n<p>DATA: 19\/05\/2022<\/p>\n<p><a href=\"https:\/\/www.ippasso.com.br\/site\/wp-content\/uploads\/2022\/06\/igam-contrato.pdf\">igam contrato<\/a><\/p>\n<p>&nbsp;<\/p>\n<p>CONV\u00caNIO 001\/2019<\/p>\n<p>OBJETO: UTILIZA\u00c7\u00c3O E MANUTEN\u00c7\u00c3O DO SISTEMA INTEGRADO DE GEST\u00c3O MUNICIPAL &#8211; SIGM<\/p>\n<p>PROCESSO IPPASSO:2019\/19222<\/p>\n<p>DATA: 31\/05\/2019<\/p>\n<p><a href=\"https:\/\/www.ippasso.com.br\/site\/wp-content\/uploads\/2022\/05\/contrato-aditivo-sigm.pdf\">contrato aditivo sigm<\/a>\u00a0&#8211; 5\u00ba ADITIVO<\/p>\n<p>&nbsp;<\/p>\n<p><strong>EXTRATO 04\/2021<\/strong><\/p>\n<p><strong>DISPENSA DE LICITA\u00c7\u00c3O<\/strong><\/p>\n<p><strong>OBJETO:<\/strong> Servi\u00e7o de monitoramento de alarme 24 horas de seguran\u00e7a eletr\u00f4nica das depend\u00eancias do Ippasso, com sede na Rua Paissandu, 141, Sala 1, Centro, Passo Fundo \u2013 RS, CEP 99010-100<\/p>\n<p><strong>PROCESSO IPPASSO:<\/strong> 2021\/23969<\/p>\n<p><strong>DATA:<\/strong> 11\/08\/2021<\/p>\n<p>&nbsp;<\/p>\n<p><strong>EXTRATO 03\/2021<\/strong><\/p>\n<p><strong>DISPENSA DE LICITA\u00c7\u00c3O<\/strong><\/p>\n<p><strong>OBJETO:<\/strong> Constru\u00e7\u00e3o, implanta\u00e7\u00e3o e manuten\u00e7\u00e3o de Website e das contas de e-mail do Ippasso.<\/p>\n<p><strong>PROCESSO IPPASSO:<\/strong> 2021\/5997<\/p>\n<p><strong>DATA:<\/strong> 17\/02\/2021<\/p>\n<p>1\u00ba aditivo de 02\/03\/2022:<\/p>\n<p><a href=\"https:\/\/www.ippasso.com.br\/site\/wp-content\/uploads\/2022\/03\/contrato-globaltech-prorroga\u00e7\u00e3o.pdf\">contrato globaltech prorroga\u00e7\u00e3o<\/a><\/p>\n<p>2\u00ba aditivo de 01\/03\/2023:<\/p>\n<p><a href=\"https:\/\/www.ippasso.com.br\/site\/wp-content\/uploads\/2023\/03\/globaltech-aditivo.pdf\">contrato globaltech 2\u00ba aditivo<\/a><\/p>\n<p>&nbsp;<\/p>\n<p><strong>EXTRATO 02\/2021<\/strong><\/p>\n<p><strong>DISPENSA DE LICITA\u00c7\u00c3O<\/strong><\/p>\n<p><strong>OBJETO:<\/strong>\u00a0Contrata\u00e7\u00e3o de empresa para a presta\u00e7\u00e3o de servi\u00e7os de elabora\u00e7\u00e3o de DAIR e DPIN.<\/p>\n<p><strong>PROCESSO IPPASSO:<\/strong> 2020\/28414<\/p>\n<p><a href=\"https:\/\/www.ippasso.com.br\/site\/wp-content\/uploads\/2023\/02\/contratos-referencia-fevereiro-1.pdf\">2\u00ba aditivo<\/a><\/p>\n<p>&nbsp;<\/p>\n<p><strong>EXTRATO 01\/2021<\/strong><\/p>\n<p><strong>DISPENSA DE LICITA\u00c7\u00c3O<\/strong><\/p>\n<p><strong>OBJETO:<\/strong>\u00a0Contrata\u00e7\u00e3o de empresa para a presta\u00e7\u00e3o de servi\u00e7os de Assessoria e Consultoria para a aplica\u00e7\u00e3o das reservas t\u00e9cnicas do RPPS.<\/p>\n<p><strong>PROCESSO IPPASSO:<\/strong> 2020\/28412<\/p>\n<p><strong>DATA:<\/strong> 05\/01\/2021<\/p>\n<p><a href=\"https:\/\/www.ippasso.com.br\/site\/wp-content\/uploads\/2022\/04\/contrato-01-2022.pdf\">1\u00ba aditivo extrato &#8211; contrato 01 2022<\/a><\/p>\n<p><a href=\"https:\/\/www.ippasso.com.br\/site\/wp-content\/uploads\/2023\/02\/contratos-referencia-fevereiro.pdf\">2\u00ba aditivo extrato<\/a><\/p>\n<p><strong>EXTRATO 01\/2019<\/strong><\/p>\n<p><strong>DISPENSA DE LICITA\u00c7\u00c3O<\/strong><\/p>\n<p><strong>OBJETO:<\/strong>\u00a0Contrata\u00e7\u00e3o de presta\u00e7\u00e3o de servi\u00e7os de loca\u00e7\u00e3o de impressora.<\/p>\n<p><strong>PROCESSO IPPASSO:<\/strong> 2021\/13298<\/p>\n<p><strong>DATA:<\/strong> 18\/03\/2019<\/p>\n<p><a href=\"https:\/\/www.ippasso.com.br\/site\/wp-content\/uploads\/2022\/04\/contrato-05-2022.pdf\">3\u00ba aditivo extrato &#8211; contrato 05 2022<\/a><\/p>\n<p><a href=\"https:\/\/www.ippasso.com.br\/site\/wp-content\/uploads\/2022\/09\/adendo-contratual-impressoras.pdf\">adendo contratual impressoras<\/a><\/p>\n<p><a href=\"https:\/\/www.ippasso.com.br\/site\/wp-content\/uploads\/2023\/03\/contrato-athena-aditivo.pdf\">4\u00ba aditivo contrato athena<\/a><\/p>\n","protected":false},"excerpt":{"rendered":"<p>Abril\/2026 extrato empenho compra de \u00e1gua dispensa de licita\u00e7\u00e3o 04\/2026 Mar\u00e7o\/2026 extrato contrato unifique dispensa [&hellip;]<\/p>\n","protected":false},"author":8,"featured_media":0,"parent":0,"menu_order":0,"comment_status":"closed","ping_status":"closed","template":"","meta":[],"_links":{"self":[{"href":"https:\/\/www.ippasso.com.br\/site\/wp-json\/wp\/v2\/pages\/1464"}],"collection":[{"href":"https:\/\/www.ippasso.com.br\/site\/wp-json\/wp\/v2\/pages"}],"about":[{"href":"https:\/\/www.ippasso.com.br\/site\/wp-json\/wp\/v2\/types\/page"}],"author":[{"embeddable":true,"href":"https:\/\/www.ippasso.com.br\/site\/wp-json\/wp\/v2\/users\/8"}],"replies":[{"embeddable":true,"href":"https:\/\/www.ippasso.com.br\/site\/wp-json\/wp\/v2\/comments?post=1464"}],"version-history":[{"count":96,"href":"https:\/\/www.ippasso.com.br\/site\/wp-json\/wp\/v2\/pages\/1464\/revisions"}],"predecessor-version":[{"id":2974,"href":"https:\/\/www.ippasso.com.br\/site\/wp-json\/wp\/v2\/pages\/1464\/revisions\/2974"}],"wp:attachment":[{"href":"https:\/\/www.ippasso.com.br\/site\/wp-json\/wp\/v2\/media?parent=1464"}],"curies":[{"name":"wp","href":"https:\/\/api.w.org\/{rel}","templated":true}]}}