{"id":1164,"date":"2019-12-09T16:16:30","date_gmt":"2019-12-09T18:16:30","guid":{"rendered":"https:\/\/www.ippasso.com.br\/site\/?page_id=1164"},"modified":"2025-05-23T13:30:25","modified_gmt":"2025-05-23T16:30:25","slug":"servidores","status":"publish","type":"page","link":"https:\/\/www.ippasso.com.br\/site\/servidores\/","title":{"rendered":"Servidores"},"content":{"rendered":"<p>O IPPASSO conta com um quadro t\u00e9cnico amplamente qualificado para atender a demanda de Regime Pr\u00f3prio de Previd\u00eancia, sendo que a forma\u00e7\u00e3o dos servidores do quadro auxiliar que atuam na \u00e1rea de concess\u00e3o de benef\u00edcios \u00e9 a seguinte:<\/p>\n<p>&nbsp;<\/p>\n<p><strong>Aline Machado Kuns &#8211; T\u00e9cnica Previdenci\u00e1ria<\/strong><\/p>\n<p>Bacharelado em Administra\u00e7\u00e3o P\u00fablica (2014)<\/p>\n<p>Especializa\u00e7\u00e3o em Gest\u00e3o P\u00fablica (2015)<\/p>\n<p>Bacharelado em Ci\u00eancias Jur\u00eddicas e Sociais &#8211; Direito (2016)<\/p>\n<p>Especializa\u00e7\u00e3o em Direito Eletr\u00f4nico\/Digital (2016)<\/p>\n<p>Especializa\u00e7\u00e3o em Direito Previdenci\u00e1rio (2018)<\/p>\n<p>Especializa\u00e7\u00e3o em Regimes Pr\u00f3prios de Previd\u00eancia Social (RPPS) (2022)<\/p>\n<p>Especializa\u00e7\u00e3o em LGPD &#8211; Lei Geral de Prote\u00e7\u00e3o de Dados (2022)<\/p>\n<p>Especializa\u00e7\u00e3o em Direito Constitucional (2022)<\/p>\n<p>&nbsp;<\/p>\n<p><strong>Carla Rose Roman &#8211; T\u00e9cnica Previdenci\u00e1ria<\/strong><\/p>\n<p>Bacharelado em Ci\u00eancias Econ\u00f4micas (1995)<\/p>\n<p>&nbsp;<\/p>\n<p><strong>Luiz Fernando Nadal da Silva &#8211; T\u00e9cnico Previdenci\u00e1rio<\/strong><\/p>\n<p>Bacharelado em Ci\u00eancias Jur\u00eddicas e Sociais &#8211; Direito (2016)<\/p>\n<p>Especializa\u00e7\u00e3o em Direito Tribut\u00e1rio (2018)<\/p>\n<p>Especializa\u00e7\u00e3o em Previd\u00eancia do Servidor P\u00fablico Aplicada (2020)<\/p>\n<p>Especializa\u00e7\u00e3o em Direito P\u00fablico com \u00canfase em Gest\u00e3o P\u00fablica (2021)<\/p>\n<p>Especializa\u00e7\u00e3o em Regimes Pr\u00f3prios de Previd\u00eancia Social (RPPS) (2022).<\/p>\n<p>&nbsp;<\/p>\n<p><strong>Carolina Zanata dos Santos &#8211; T\u00e9cnica Previdenci\u00e1ria<\/strong><\/p>\n<p>Bacharelado em Ci\u00eancias Jur\u00eddicas e Sociais &#8211; Direito (2020)<\/p>\n<p>Especializa\u00e7\u00e3o em Direito Civil e Processual Civil (2022)<\/p>\n<p>&nbsp;<\/p>\n<p>&nbsp;<\/p>\n<p><span style=\"color: #0000ff;\"><strong><u>EDUCA\u00c7\u00c3O PREVIDENCI\u00c1RIA\u00a0 &#8211; FORMA\u00c7\u00c3O B\u00c1SICA EM RPPS PARA DIRIGENTES, SERVIDORES E CONSELHEIROS:<\/u><\/strong><\/span><\/p>\n<p>&nbsp;<\/p>\n<p><strong>Para os servidores, dirigentes e colaboradores do IPPASSO, que desejam se aperfei\u00e7oar em previd\u00eancia social RPPS, sugerimos o seguinte calend\u00e1rio de cursos on-line! Tamb\u00e9m outros eventos e cursos poder\u00e3o ser solicitados, sendo aprovados pelo \u00f3rg\u00e3o gestor mediante an\u00e1lise.<\/strong><\/p>\n<p>&nbsp;<\/p>\n<p><strong>ATEN\u00c7\u00c3O!\u00a0<\/strong><\/p>\n<p><strong>SOLICITAMOS O ENCAMINHAMENTO DOS CERTIFICADOS, PREFERENCIALMENTE DENTRO DO SEGUINTE CALEND\u00c1RIO:<\/strong><\/p>\n<p>&nbsp;<\/p>\n<p><span style=\"color: #0000ff;\"><strong>PRIMEIRO BIMESTRE:<\/strong><\/span><\/p>\n<p><strong>A Previd\u00eancia Social dos Servidores P\u00fablicos: Regime Pr\u00f3prio e Regime de Previd\u00eancia.<\/strong><br \/>\nJ\u00e1 parou para pensar em quanto tempo falta para voc\u00ea se aposentar? Conhece as regras de aposentadoria do servi\u00e7o p\u00fablico ? Se voc\u00ea nunca pensou sobre esses assuntos, essa \u00e9 uma \u00f3tima oportunidade para se capacitar e entender na pr\u00e1tica como funcionam os crit\u00e9rios de acesso e de concess\u00e3o.<\/p>\n<p><a href=\"https:\/\/www.escolavirtual.gov.br\/curso\/681\">https:\/\/www.escolavirtual.gov.br\/curso\/681<\/a><\/p>\n<p>&nbsp;<\/p>\n<p><span style=\"color: #0000ff;\"><strong>SEGUNDO BIMESTRE:<\/strong><\/span><\/p>\n<p><strong>No\u00e7\u00f5es B\u00e1sicas em Previd\u00eancia Complementar.<\/strong><\/p>\n<p>A Subsecretaria do Regime de Previd\u00eancia Complementar \u2013 SURPC, \u00f3rg\u00e3o do Minist\u00e9rio da Fazenda \u2013 MF, \u00e9 a respons\u00e1vel por promover pol\u00edticas p\u00fablicas com vistas ao desenvolvimento, ao fomento e a evolu\u00e7\u00e3o t\u00e9cnica do Regime de Previd\u00eancia Complementar \u2013 RPC, no \u00e2mbito das Entidades Fechadas de Previd\u00eancia Complementar \u2013 EFPC. Como uma das formas de divulgar, informar, orientar e esclarecer o p\u00fablico em geral sobre o Regime, foi elaborado Curso de No\u00e7\u00f5es B\u00e1sicas em Previd\u00eancia Complementar, com o intuito de prestar informa\u00e7\u00f5es, instru\u00e7\u00f5es e orienta\u00e7\u00f5es acerca da Previd\u00eancia Complementar.<\/p>\n<p><a href=\"https:\/\/www.escolavirtual.gov.br\/curso\/183\">https:\/\/www.escolavirtual.gov.br\/curso\/183<\/a><\/p>\n<p>&nbsp;<\/p>\n<p><span style=\"color: #0000ff;\"><strong>TERCEIRO BIMESTRE:<\/strong><\/span><\/p>\n<p><strong>\u00a0Demonstrativo de Investimentos do RPPS &#8211; DAIR E DPIN<\/strong><\/p>\n<p>O curso \u201cDemonstrativo de Investimentos dos RPPS &#8211; DAIR e DPIN\u201d foi produzido por meio da parceria entre a Escola de Administra\u00e7\u00e3o Fazend\u00e1ria e a Secretaria de Previd\u00eancia. Sua estrutura est\u00e1 configurada em 6 (seis) m\u00f3dulos que abordam os novos demonstrativos, DAIR e DPIN, que t\u00eam como objetivo principal ser um meio transparente para proporcionar informa\u00e7\u00f5es seguras aos agentes envolvidos e participantes com foco nas condi\u00e7\u00f5es indicadas no Art, 1\u00ba da Resolu\u00e7\u00e3o CMN n\u00b0 3922\/2010: Seguran\u00e7a, Rentabilidade, Solv\u00eancia, Liquidez e Transpar\u00eancia.<\/p>\n<p><a href=\"https:\/\/www.escolavirtual.gov.br\/curso\/225\">https:\/\/www.escolavirtual.gov.br\/curso\/225<\/a><\/p>\n<p>&nbsp;<\/p>\n<p><strong>Como planejar a aposentadoria<\/strong><\/p>\n<p>Planejar devidamente a aposentadoria \u00e9 um dos segredos para a paz e tranquilidade ap\u00f3s o fim definitivo dos tempos de trabalho. O curso Como Planejar a Aposentadoria o orienta para que se organize de maneira consciente e possa\u00a0alcan\u00e7ar\u00a0seus objetivos pessoais e\/ou familiares nesse per\u00edodo da vida.<\/p>\n<p><a href=\"https:\/\/educacao-executiva.fgv.br\/cursos\/online\/curta-media-duracao-online\/como-planejar-aposentadoria\">https:\/\/educacao-executiva.fgv.br\/cursos\/online\/curta-media-duracao-online\/como-planejar-aposentadoria<\/a><\/p>\n<p>&nbsp;<\/p>\n<p><span style=\"color: #0000ff;\"><strong>QUARTO BIMESTRE:<\/strong><\/span><\/p>\n<p><strong>Demonstrativo de Informa\u00e7\u00f5es Previdenci\u00e1rias e Repasses (DIPR) e Parcelamento de d\u00e9bitos previdenci\u00e1rios dos RPPS<\/strong><\/p>\n<p>O curso foi produzido por meio da parceria entre a Escola de Administra\u00e7\u00e3o Fazend\u00e1ria e a Secretaria de Previd\u00eancia. Sua estrutura est\u00e1 configurada em 3 (tr\u00eas) m\u00f3dulos que abordam conhecimentos relacionados ao DIPR, sua import\u00e2ncia para a obten\u00e7\u00e3o do CRP e a forma de transmiss\u00e3o das informa\u00e7\u00f5es no sistema Cadprev, e relacionados aos procedimentos para realiza\u00e7\u00e3o do parcelamento de d\u00e9bitos, conforme legisla\u00e7\u00e3o em vigor, para regularizar os casos em que o Ente Federativo n\u00e3o teve condi\u00e7\u00f5es de fazer os repasses em dia.<\/p>\n<p><a href=\"https:\/\/www.escolavirtual.gov.br\/curso\/231\">https:\/\/www.escolavirtual.gov.br\/curso\/231<\/a><\/p>\n<p>&nbsp;<\/p>\n<p><span style=\"color: #0000ff;\"><strong>QUINTO BIMESTRE:<\/strong><\/span><\/p>\n<p><strong>Gest\u00e3o de Consultas e Normas GESCON &#8211; RPPS<\/strong><\/p>\n<p>O curso \u201cGest\u00e3o de Consultas e Normas GESCON &#8211; RPPS\u201d foi produzido por meio da parceria entre a Escola de Administra\u00e7\u00e3o Fazend\u00e1ria e a Secretaria de Previd\u00eancia. Sua estrutura est\u00e1 configurada em 6 (seis) m\u00f3dulos que abordam de forma detalhada as funcionalidades e a utiliza\u00e7\u00e3o do GESCON.<\/p>\n<p><a href=\"https:\/\/www.escolavirtual.gov.br\/curso\/227\">https:\/\/www.escolavirtual.gov.br\/curso\/227<\/a><\/p>\n<p>&nbsp;<\/p>\n<p><span style=\"color: #0000ff;\"><strong>SEXTO BIMESTRE:<\/strong><\/span><\/p>\n<p><strong>eSocial para \u00d3rg\u00e3os P\u00fablicos &#8211; RPPS<\/strong><\/p>\n<p>O curso \u201ceSocial para \u00d3rg\u00e3os P\u00fablicos &#8211; RPPS\u201d foi produzido por meio da parceria entre a Escola de Administra\u00e7\u00e3o Fazend\u00e1ria e a Secretaria de Previd\u00eancia. Sua estrutura est\u00e1 configurada em 3 (tr\u00eas) m\u00f3dulos que abordam a presta\u00e7\u00e3o de informa\u00e7\u00f5es, dos dados cadastrais, funcionais e financeiros dos servidores, dos benefici\u00e1rios e dos dependentes do eSocial.<\/p>\n<p><a href=\"https:\/\/www.escolavirtual.gov.br\/curso\/219\">https:\/\/www.escolavirtual.gov.br\/curso\/219<\/a><\/p>\n<p>&nbsp;<\/p>\n<p><span style=\"color: #0000ff;\"><strong><u>EDUCA\u00c7\u00c3O PREVIDENCI\u00c1RIA &#8211; TREINAMENTO AOS SERVIDORES QUE ATUAM NA \u00c1REA DE CONCESS\u00c3O DE BENEF\u00cdCIOS:<\/u><\/strong><\/span><\/p>\n<p>&nbsp;<\/p>\n<p><strong>Para os servidores que atuam na \u00e1rea de concess\u00e3o de benef\u00edcios do IPPASSO, que desejam se aperfei\u00e7oar em previd\u00eancia social RPPS, sugerimos o seguinte calend\u00e1rio de cursos on-line! Tamb\u00e9m outros eventos e cursos poder\u00e3o ser solicitados, sendo aprovados pelo \u00f3rg\u00e3o gestor mediante an\u00e1lise.<\/strong><\/p>\n<p>&nbsp;<\/p>\n<p><span style=\"color: #0000ff;\"><strong>PRIMEIRO SEMESTRE:<\/strong><\/span><\/p>\n<p><strong>Curso de Regime Pr\u00f3prio &#8211; Atualiza\u00e7\u00e3o EC 103\/2019\u00a0<\/strong><\/p>\n<p>O Novo curso de Regime Pr\u00f3prio (RPPS) dos Servidores P\u00fablicos, de acordo com a Emenda 103\/2019, objetiva capacitar o aluno em todos os pontos que envolvem o estudo deste complexo regime de previd\u00eancia, notadamente ap\u00f3s a promulga\u00e7\u00e3o da EC 103\/2019.<br \/>\nS\u00e3o abordadas as novas regras do servidor efetivo federal e a aplica\u00e7\u00e3o da Emenda 103\/2019 aos servidores dos estados, Distrito Federal e munic\u00edpios que possuem RPPS, apontando as regras autoaplic\u00e1veis e as regras que dependem de incorpora\u00e7\u00e3o por lei local.<br \/>\nTodo o regramento permanente e de transi\u00e7\u00e3o \u00e9 detalhadamente tratado, dando \u00eanfase aos in\u00fameros pontos controvertidos. \u00c9 pesquisada especialmente a jurisprud\u00eancia do STF e STJ, al\u00e9m das posi\u00e7\u00f5es administrativas do TCU, AGU e da Secretaria de Previd\u00eancia do Minist\u00e9rio da Economia nos pontos controvertidos.<\/p>\n<p>https:\/\/unieducar.org.br\/catalogo\/curso-gratis\/direito-previdenciario-reforma-da-previdencia-ec-10319-gratuito#:~:text=O%20curso%20online%20Direito%20Previdenci%C3%A1rio,a%20aposentadoria%20do%20servidor%20p%C3%BAblico<\/p>\n<p>&nbsp;<\/p>\n<p><strong>Curso sobre o Sistema SAPIEM<\/strong><\/p>\n<p>Curso de Capacita\u00e7\u00e3o para utiliza\u00e7\u00e3o do SAPIEM &#8211; Sistema de Pens\u00f5es e Inativa\u00e7\u00f5es da Esfera Municipal -, que apresenta uma vis\u00e3o geral sobre a tramita\u00e7\u00e3o dos processos de inativa\u00e7\u00e3o, o correto preenchimento dos dados no sistema e a gera\u00e7\u00e3o dos atos concess\u00f3rios nas diferentes modalidades inativat\u00f3rias. O curso \u00e9 autoinstrucional, podendo o participante inici\u00e1-lo no instante que receber a confirma\u00e7\u00e3o da inscri\u00e7\u00e3o e retornar a qualquer momento para sanar d\u00favidas. Seu objetivo principal \u00e9 ser um guia de utiliza\u00e7\u00e3o interativo, com orienta\u00e7\u00f5es tanto para os operadores municipais iniciantes como para quem j\u00e1 tem alguma experi\u00eancia na utiliza\u00e7\u00e3o do sistema.<\/p>\n<p><a href=\"https:\/\/ead.tce.rs.gov.br\/moodle\/course\/view.php?id=244\">https:\/\/ead.tce.rs.gov.br\/moodle\/course\/view.php?id=244<\/a><\/p>\n","protected":false},"excerpt":{"rendered":"<p>O IPPASSO conta com um quadro t\u00e9cnico amplamente qualificado para atender a demanda de Regime [&hellip;]<\/p>\n","protected":false},"author":1,"featured_media":0,"parent":0,"menu_order":0,"comment_status":"closed","ping_status":"closed","template":"","meta":[],"_links":{"self":[{"href":"https:\/\/www.ippasso.com.br\/site\/wp-json\/wp\/v2\/pages\/1164"}],"collection":[{"href":"https:\/\/www.ippasso.com.br\/site\/wp-json\/wp\/v2\/pages"}],"about":[{"href":"https:\/\/www.ippasso.com.br\/site\/wp-json\/wp\/v2\/types\/page"}],"author":[{"embeddable":true,"href":"https:\/\/www.ippasso.com.br\/site\/wp-json\/wp\/v2\/users\/1"}],"replies":[{"embeddable":true,"href":"https:\/\/www.ippasso.com.br\/site\/wp-json\/wp\/v2\/comments?post=1164"}],"version-history":[{"count":23,"href":"https:\/\/www.ippasso.com.br\/site\/wp-json\/wp\/v2\/pages\/1164\/revisions"}],"predecessor-version":[{"id":2558,"href":"https:\/\/www.ippasso.com.br\/site\/wp-json\/wp\/v2\/pages\/1164\/revisions\/2558"}],"wp:attachment":[{"href":"https:\/\/www.ippasso.com.br\/site\/wp-json\/wp\/v2\/media?parent=1164"}],"curies":[{"name":"wp","href":"https:\/\/api.w.org\/{rel}","templated":true}]}}