{"id":1014,"date":"2019-09-04T11:15:51","date_gmt":"2019-09-04T14:15:51","guid":{"rendered":"https:\/\/www.ippasso.com.br\/site\/?page_id=1014"},"modified":"2026-04-24T09:52:23","modified_gmt":"2026-04-24T12:52:23","slug":"relatorios-de-investimentos","status":"publish","type":"page","link":"https:\/\/www.ippasso.com.br\/site\/relatorios-de-investimentos\/","title":{"rendered":"Relat\u00f3rios de investimentos"},"content":{"rendered":"<p>Clique nos links abaixo para acessar os relat\u00f3rios de investimentos mensais e anuais do IPPASSO:<\/p>\n<p><strong>2026<\/strong><\/p>\n<p><a href=\"https:\/\/www.ippasso.com.br\/site\/wp-content\/uploads\/2026\/04\/03.2026-Relatorio-Economico-Financeiro.pdf\">03.2026 <\/a><\/p>\n<p><a href=\"https:\/\/www.ippasso.com.br\/site\/wp-content\/uploads\/2026\/04\/02.2026-Relatorio-Economico-Financeiro.pdf\">02.2026 <\/a><\/p>\n<p><a href=\"https:\/\/www.ippasso.com.br\/site\/wp-content\/uploads\/2026\/02\/01.2026-Relat\u00f3rio-Econ\u00f4mico-Financeiro.pdf\">01.2026<\/a><\/p>\n<p><strong>2025<\/strong><\/p>\n<p><a href=\"https:\/\/www.ippasso.com.br\/site\/wp-content\/uploads\/2026\/02\/12.-DEZEMBRO-Relat\u00f3rio-Econ\u00f4mico-Financeiro.pdf\">12. DEZEMBRO <\/a><\/p>\n<p><a href=\"https:\/\/www.ippasso.com.br\/site\/wp-content\/uploads\/2026\/01\/11.-NOVEMBRO-Relat\u00f3rio-Econ\u00f4mico-Financeiro.pdf\">11. NOVEMBRO <\/a><\/p>\n<p><a href=\"https:\/\/www.ippasso.com.br\/site\/wp-content\/uploads\/2025\/11\/10.-OUTUBRO-Relat\u00f3rio-Econ\u00f4mico-Financeiro.pdf\">10. OUTUBRO<\/a><\/p>\n<p><a href=\"https:\/\/www.ippasso.com.br\/site\/wp-content\/uploads\/2025\/11\/09.-SETEMBRO-Relat\u00f3rio-Econ\u00f4mico-Financeiro.pdf\">09. SETEMBRO <\/a><\/p>\n<p><a href=\"https:\/\/www.ippasso.com.br\/site\/wp-content\/uploads\/2025\/10\/08.-AGOSTO-Relat\u00f3rio-Econ\u00f4mico-Financeiro.pdf\">08. AGOSTO <\/a><\/p>\n<p><a href=\"https:\/\/www.ippasso.com.br\/site\/wp-content\/uploads\/2025\/08\/relat\u00f3rio-1-semestre-2025.pdf\">RELAT\u00d3RIO FINANCEIRO 1\u00ba SEMESTRE 2025<\/a><\/p>\n<p><a href=\"https:\/\/www.ippasso.com.br\/site\/wp-content\/uploads\/2025\/08\/07.-JULHO-Relat\u00f3rio-Econ\u00f4mico-Financeiro.pdf\">07. JULHO<\/a><\/p>\n<p><a href=\"https:\/\/www.ippasso.com.br\/site\/wp-content\/uploads\/2025\/08\/06.-JUNHO-Relat\u00f3rio-Econ\u00f4mico-Financeiro.pdf\">06. JUNHO<\/a><\/p>\n<p><a href=\"https:\/\/www.ippasso.com.br\/site\/wp-content\/uploads\/2025\/08\/05.-MAIO-Relat\u00f3rio-Econ\u00f4mico-Financeiro.pdf\">05. MAIO<\/a><\/p>\n<p><a href=\"https:\/\/www.ippasso.com.br\/site\/wp-content\/uploads\/2025\/05\/04.-ABRIL-Relat\u00f3rio-Econ\u00f4mico-Financeiro.pdf\">04. ABRIL<\/a><\/p>\n<p><a href=\"https:\/\/www.ippasso.com.br\/site\/wp-content\/uploads\/2025\/05\/03.-MAR\u00c7O-Relat\u00f3rio-Econ\u00f4mico-Financeiro.pdf\">03. MAR\u00c7O<\/a><\/p>\n<p><a href=\"https:\/\/www.ippasso.com.br\/site\/wp-content\/uploads\/2025\/05\/02.-FEVEREIRO-Relat\u00f3rio-Econ\u00f4mico-Financeiro.pdf\">02. FEVEREIRO<\/a><\/p>\n<p><a href=\"https:\/\/www.ippasso.com.br\/site\/wp-content\/uploads\/2025\/02\/01.-JANEIRO-Relat\u00f3rio-Econ\u00f4mico-Financeiro.pdf\">01. JANEIRO<\/a><\/p>\n<p><strong>2024<\/strong><\/p>\n<p><a href=\"https:\/\/www.ippasso.com.br\/site\/wp-content\/uploads\/2024\/02\/01.-JANEIRO-Relat\u00f3rio-Econ\u00f4mico-Financeiro.pdf\">01. JANEIRO<\/a><\/p>\n<p><a href=\"https:\/\/www.ippasso.com.br\/site\/wp-content\/uploads\/2024\/04\/02.-FEVEREIRO-Relat\u00f3rio-Econ\u00f4mico-Financeiro.pdf\">02. FEVEREIRO<\/a><\/p>\n<p><a href=\"https:\/\/www.ippasso.com.br\/site\/wp-content\/uploads\/2024\/07\/03.-MAR\u00c7O-Relat\u00f3rio-Econ\u00f4mico-Financeiro.pdf\">03. MAR\u00c7O <\/a><\/p>\n<p><a href=\"https:\/\/www.ippasso.com.br\/site\/wp-content\/uploads\/2024\/07\/04.-ABRIL.pdf\">04. ABRIL<\/a><\/p>\n<p><a href=\"https:\/\/www.ippasso.com.br\/site\/wp-content\/uploads\/2024\/07\/05.-MAIO-Relat\u00f3rio-Econ\u00f4mico-Financeiro.pdf\">05. MAIO<\/a><\/p>\n<p><a href=\"https:\/\/www.ippasso.com.br\/site\/wp-content\/uploads\/2024\/10\/06.-JUNHO-Relat\u00f3rio-Econ\u00f4mico-Financeiro.pdf\">06. JUNHO <\/a><\/p>\n<p><a href=\"https:\/\/www.ippasso.com.br\/site\/wp-content\/uploads\/2024\/10\/07.-JULHO-Relat\u00f3rio-Econ\u00f4mico-Financeiro.pdf\">07. JULHO<\/a><\/p>\n<p><a href=\"https:\/\/www.ippasso.com.br\/site\/wp-content\/uploads\/2024\/11\/relatorio-financeiro-1\u00ba-semestre-2024.pdf\">RELAT\u00d3RIO FINANCEIRO 1\u00ba semestre 2024<\/a><\/p>\n<p><a href=\"https:\/\/www.ippasso.com.br\/site\/wp-content\/uploads\/2024\/11\/08.-AGOSTO-Relat\u00f3rio-Econ\u00f4mico-Financeiro.pdf\">08. AGOSTO<\/a><\/p>\n<p><a href=\"https:\/\/www.ippasso.com.br\/site\/wp-content\/uploads\/2024\/11\/09.-SETEMBRO-Relat\u00f3rio-Econ\u00f4mico-Financeiro.pdf\">09. SETEMBRO <\/a><\/p>\n<p><a href=\"https:\/\/www.ippasso.com.br\/site\/wp-content\/uploads\/2024\/11\/10.-OUTUBRO-Relat\u00f3rio-Econ\u00f4mico-Financeiro.pdf\">10. OUTUBRO<\/a><\/p>\n<p><a href=\"https:\/\/www.ippasso.com.br\/site\/wp-content\/uploads\/2025\/02\/11.-NOVEMBRO-Relat\u00f3rio-Econ\u00f4mico-Financeiro.pdf\">11. NOVEMBRO <\/a><\/p>\n<p><a href=\"https:\/\/www.ippasso.com.br\/site\/wp-content\/uploads\/2025\/02\/12.-DEZEMBRO-Relat\u00f3rio-Econ\u00f4mico-Financeiro.pdf\">12. DEZEMBRO &#8211; Relat\u00f3rio Econ\u00f4mico Financeiro<\/a><\/p>\n<p><a href=\"https:\/\/www.ippasso.com.br\/site\/wp-content\/uploads\/2025\/02\/relatorio-segundo-semestre-2024.pdf\">Relatorio Financeiro segundo semestre 2024<\/a><\/p>\n<p><strong>2023<\/strong><\/p>\n<p><a href=\"https:\/\/www.ippasso.com.br\/site\/wp-content\/uploads\/2024\/04\/relatorio-segundo-semestre.pdf\">RELAT\u00d3RIO FINANCEIRO segundo semestre 2023<\/a><\/p>\n<p><a href=\"https:\/\/www.ippasso.com.br\/site\/wp-content\/uploads\/2023\/04\/01.-JANEIRO-Relat\u00f3rio-Econ\u00f4mico-Financeiro.pdf\">01. JANEIRO<\/a><\/p>\n<p><a href=\"https:\/\/www.ippasso.com.br\/site\/wp-content\/uploads\/2023\/04\/02.-FEVEREIRO-Relat\u00f3rio-Econ\u00f4mico-Financeiro.pdf\">02. FEVEREIRO<\/a><\/p>\n<p><a href=\"https:\/\/www.ippasso.com.br\/site\/wp-content\/uploads\/2023\/08\/03.-MAR\u00c7O-Relat\u00f3rio-Econ\u00f4mico-Financeiro.pdf\">03. MAR\u00c7O <\/a><\/p>\n<p><a href=\"https:\/\/www.ippasso.com.br\/site\/wp-content\/uploads\/2023\/08\/04.-ABRIL-Relat\u00f3rio-Econ\u00f4mico-Financeiro.pdf\">04. ABRIL <\/a><\/p>\n<p><a href=\"https:\/\/www.ippasso.com.br\/site\/wp-content\/uploads\/2023\/08\/05.-MAIO-Relat\u00f3rio-Econ\u00f4mico-Financeiro.pdf\">05. MAIO<\/a><\/p>\n<p><a href=\"https:\/\/www.ippasso.com.br\/site\/wp-content\/uploads\/2023\/08\/06.-JUNHO-Relat\u00f3rio-Econ\u00f4mico-Financeiro.pdf\">06. JUNHO<\/a><\/p>\n<p><a href=\"https:\/\/www.ippasso.com.br\/site\/wp-content\/uploads\/2023\/08\/RELAT\u00d3RIO-FINANCEIRO-SEMESTRAL-2023.pdf\">RELAT\u00d3RIO FINANCEIRO SEMESTRAL 2023<\/a><\/p>\n<p><a href=\"https:\/\/www.ippasso.com.br\/site\/wp-content\/uploads\/2023\/08\/07.-JULHO-Relat\u00f3rio-Econ\u00f4mico-Financeiro.pdf\">07. JULHO<\/a><\/p>\n<p><a href=\"https:\/\/www.ippasso.com.br\/site\/wp-content\/uploads\/2023\/11\/08.-AGOSTO-Relat\u00f3rio-Econ\u00f4mico-Financeiro.pdf\">08. AGOSTO <\/a><\/p>\n<p><a href=\"https:\/\/www.ippasso.com.br\/site\/wp-content\/uploads\/2023\/11\/09.-SETEMBRO-Relat\u00f3rio-Econ\u00f4mico-Financeiro.pdf\">09. SETEMBRO <\/a><\/p>\n<p><a href=\"https:\/\/www.ippasso.com.br\/site\/wp-content\/uploads\/2023\/11\/10.-OUTUBRO-Relat\u00f3rio-Econ\u00f4mico-Financeiro.pdf\">10. OUTUBRO<\/a><\/p>\n<p><a href=\"https:\/\/www.ippasso.com.br\/site\/wp-content\/uploads\/2024\/02\/11.-NOVEMBRO-Relat\u00f3rio-Econ\u00f4mico-Financeiro.pdf\">11. NOVEMBRO <\/a><\/p>\n<p><a href=\"https:\/\/www.ippasso.com.br\/site\/wp-content\/uploads\/2024\/02\/12.-DEZEMBRO-Relat\u00f3rio-Econ\u00f4mico-Financeiro.pdf\">12. DEZEMBRO <\/a><\/p>\n<p>&nbsp;<\/p>\n<p><strong>2022<\/strong><\/p>\n<p><a href=\"https:\/\/www.ippasso.com.br\/site\/wp-content\/uploads\/2023\/04\/01.-JANEIRO-1.pdf\">01. JANEIRO<\/a><\/p>\n<p><a href=\"https:\/\/www.ippasso.com.br\/site\/wp-content\/uploads\/2023\/04\/02.-FEVEREIRO-1.pdf\">02. FEVEREIRO<\/a><\/p>\n<p><a href=\"https:\/\/www.ippasso.com.br\/site\/wp-content\/uploads\/2023\/04\/03.-MAR\u00c7O-1.pdf\">03. MAR\u00c7O<\/a><\/p>\n<p><a href=\"https:\/\/www.ippasso.com.br\/site\/wp-content\/uploads\/2023\/04\/04.-ABRIL-1.pdf\">04. ABRIL<\/a><\/p>\n<p><a href=\"https:\/\/www.ippasso.com.br\/site\/wp-content\/uploads\/2023\/04\/05.-MAIO-1.pdf\">05. MAIO<\/a><\/p>\n<p><a href=\"https:\/\/www.ippasso.com.br\/site\/wp-content\/uploads\/2023\/04\/06.-JUNHO-1.pdf\">06. JUNHO<\/a><\/p>\n<p><a href=\"https:\/\/www.ippasso.com.br\/site\/wp-content\/uploads\/2023\/04\/07.-JULHO-1.pdf\">07. JULHO<\/a><\/p>\n<p><a href=\"https:\/\/www.ippasso.com.br\/site\/wp-content\/uploads\/2023\/04\/08.-AGOSTO-1.pdf\">08. AGOSTO<\/a><\/p>\n<p><a href=\"https:\/\/www.ippasso.com.br\/site\/wp-content\/uploads\/2023\/04\/09.SETEMBRO.pdf\">09.SETEMBRO<\/a><\/p>\n<p><a href=\"https:\/\/www.ippasso.com.br\/site\/wp-content\/uploads\/2023\/04\/10.-OUTUBRO-1.pdf\">10. OUTUBRO<\/a><\/p>\n<p><a href=\"https:\/\/www.ippasso.com.br\/site\/wp-content\/uploads\/2023\/04\/11.-NOVEMBRO-1.pdf\">11. NOVEMBRO<\/a><\/p>\n<p><a href=\"https:\/\/www.ippasso.com.br\/site\/wp-content\/uploads\/2023\/04\/12.-DEZEMBRO-1.pdf\">12. DEZEMBRO<\/a><\/p>\n<p><a href=\"https:\/\/www.ippasso.com.br\/site\/wp-content\/uploads\/2024\/10\/Relat\u00f3rio-Estudo-Solv\u00eancia-ALM-PASSO-FUNDO.RS_.pdf\">Relat\u00f3rio &#8211; Estudo Solv\u00eancia ALM &#8211; PASSO FUNDO.RS<\/a><\/p>\n<p>&nbsp;<\/p>\n<p><strong>2021<\/strong><\/p>\n<p><a href=\"https:\/\/www.ippasso.com.br\/site\/wp-content\/uploads\/2023\/04\/01.-JANEIRO.pdf\">01. JANEIRO<\/a><\/p>\n<p><a href=\"https:\/\/www.ippasso.com.br\/site\/wp-content\/uploads\/2023\/04\/02.-FEVEREIRO.pdf\">02. FEVEREIRO<\/a><\/p>\n<p><a href=\"https:\/\/www.ippasso.com.br\/site\/wp-content\/uploads\/2023\/04\/03.-MAR\u00c7O.pdf\">03. MAR\u00c7O<\/a><\/p>\n<p><a href=\"https:\/\/www.ippasso.com.br\/site\/wp-content\/uploads\/2023\/04\/04.-ABRIL.pdf\">04. ABRIL<\/a><\/p>\n<p><a href=\"https:\/\/www.ippasso.com.br\/site\/wp-content\/uploads\/2023\/04\/05.-MAIO.pdf\">05. MAIO<\/a><\/p>\n<p><a href=\"https:\/\/www.ippasso.com.br\/site\/wp-content\/uploads\/2023\/04\/06.-JUNHO.pdf\">06. JUNHO<\/a><\/p>\n<p><a href=\"https:\/\/www.ippasso.com.br\/site\/wp-content\/uploads\/2023\/04\/07.-JULHO.pdf\">07. JULHO<\/a><\/p>\n<p><a href=\"https:\/\/www.ippasso.com.br\/site\/wp-content\/uploads\/2023\/04\/08.-AGOSTO.pdf\">08. AGOSTO<\/a><\/p>\n<p><a href=\"https:\/\/www.ippasso.com.br\/site\/wp-content\/uploads\/2023\/04\/09.-SETEMBRO.pdf\">09. SETEMBRO<\/a><\/p>\n<p><a href=\"https:\/\/www.ippasso.com.br\/site\/wp-content\/uploads\/2023\/04\/10.-OUTUBRO.pdf\">10. OUTUBRO<\/a><\/p>\n<p><a href=\"https:\/\/www.ippasso.com.br\/site\/wp-content\/uploads\/2023\/04\/11.-NOVEMBRO.pdf\">11. NOVEMBRO<\/a><\/p>\n<p><a href=\"https:\/\/www.ippasso.com.br\/site\/wp-content\/uploads\/2023\/04\/12.-DEZEMBRO.pdf\">12. DEZEMBRO<\/a><\/p>\n<p>&nbsp;<\/p>\n<p><strong>MENSAIS 2020<\/strong><\/p>\n<p><a href=\"https:\/\/www.ippasso.com.br\/site\/wp-content\/uploads\/2021\/02\/01.-02-JANEIRO-E-FEVEREIRO.pdf\">01. 02 JANEIRO E FEVEREIRO<\/a><\/p>\n<p><a href=\"https:\/\/www.ippasso.com.br\/site\/wp-content\/uploads\/2021\/02\/03.-MAR\u00c7O.pdf\">03. MAR\u00c7O<\/a><\/p>\n<p><a href=\"https:\/\/www.ippasso.com.br\/site\/wp-content\/uploads\/2021\/02\/04.-ABRIL.pdf\">04. ABRIL<\/a><\/p>\n<p><a href=\"https:\/\/www.ippasso.com.br\/site\/wp-content\/uploads\/2021\/02\/05.-MAIO.pdf\">05. MAIO<\/a><\/p>\n<p><a href=\"https:\/\/www.ippasso.com.br\/site\/wp-content\/uploads\/2021\/02\/06.-JUNHO.pdf\">06. JUNHO<\/a><\/p>\n<p><a href=\"https:\/\/www.ippasso.com.br\/site\/wp-content\/uploads\/2021\/02\/07.-JULHO.pdf\">07. JULHO<\/a><\/p>\n<p><a href=\"https:\/\/www.ippasso.com.br\/site\/wp-content\/uploads\/2021\/02\/08.-AGOSTO.pdf\">08. AGOSTO<\/a><\/p>\n<p><a href=\"https:\/\/www.ippasso.com.br\/site\/wp-content\/uploads\/2021\/02\/09.-SETEMBRO.pdf\">09. SETEMBRO<\/a><\/p>\n<p><a href=\"https:\/\/www.ippasso.com.br\/site\/wp-content\/uploads\/2021\/02\/10.-OUTUBRO.pdf\">10. OUTUBRO<\/a><\/p>\n<p><a href=\"https:\/\/www.ippasso.com.br\/site\/wp-content\/uploads\/2021\/02\/11.-NOVEMBRO.pdf\">11. NOVEMBRO<\/a><\/p>\n<p><a href=\"https:\/\/www.ippasso.com.br\/site\/wp-content\/uploads\/2021\/02\/12.-DEZEMBRO.pdf\">12. DEZEMBRO<\/a><\/p>\n<p>&nbsp;<\/p>\n<p><strong>ANUAL 2020<\/strong><\/p>\n<p><a href=\"https:\/\/www.ippasso.com.br\/site\/wp-content\/uploads\/2021\/02\/12.-DEZEMBRO.pdf\">RELAT\u00d3RIO ANUAL 2020<\/a><\/p>\n<p>&nbsp;<\/p>\n<p><strong>MENSAIS 2019<\/strong><\/p>\n<p><a href=\"https:\/\/www.ippasso.com.br\/site\/wp-content\/uploads\/2019\/09\/01-JANEIRO.pdf\">01-JANEIRO<\/a><\/p>\n<p><a href=\"https:\/\/www.ippasso.com.br\/site\/wp-content\/uploads\/2019\/09\/02-FEVEREIRO.pdf\">02-FEVEREIRO<\/a><\/p>\n<p><a href=\"https:\/\/www.ippasso.com.br\/site\/wp-content\/uploads\/2019\/09\/03-MAR\u00c7O.pdf\">03-MAR\u00c7O<\/a><\/p>\n<p><a href=\"https:\/\/www.ippasso.com.br\/site\/wp-content\/uploads\/2019\/09\/04-ABRIL.pdf\">04-ABRIL<\/a><\/p>\n<p><a href=\"https:\/\/www.ippasso.com.br\/site\/wp-content\/uploads\/2019\/09\/05-MAIO.pdf\">05-MAIO<\/a><\/p>\n<p><a href=\"https:\/\/www.ippasso.com.br\/site\/wp-content\/uploads\/2019\/09\/06-JUNHO.pdf\">06-JUNHO<\/a><\/p>\n<p><a href=\"https:\/\/www.ippasso.com.br\/site\/wp-content\/uploads\/2019\/09\/07-JULHO.pdf\">07-JULHO<\/a><\/p>\n<p><a href=\"https:\/\/www.ippasso.com.br\/site\/wp-content\/uploads\/2019\/09\/08-AGOSTO.pdf\">08-AGOSTO<\/a><\/p>\n<p><a href=\"https:\/\/www.ippasso.com.br\/site\/wp-content\/uploads\/2019\/11\/09-SETEMBRO.pdf\">09-SETEMBRO<\/a><\/p>\n<p><a href=\"https:\/\/www.ippasso.com.br\/site\/wp-content\/uploads\/2019\/12\/Relat\u00f3rio-de-Investimentos-outubro.pdf\">10 OUTUBRO<\/a><\/p>\n<p><a href=\"https:\/\/www.ippasso.com.br\/site\/wp-content\/uploads\/2020\/02\/11-NOVEMBRO.pdf\">11-NOVEMBRO<\/a><\/p>\n<p><a href=\"https:\/\/www.ippasso.com.br\/site\/wp-content\/uploads\/2020\/02\/12-DEZEMBRO.pdf\">12-DEZEMBRO<\/a><\/p>\n<p>&nbsp;<\/p>\n<p><strong>ANUAL 2019<\/strong><\/p>\n<p><a href=\"https:\/\/www.ippasso.com.br\/site\/wp-content\/uploads\/2020\/02\/12-DEZEMBRO.pdf\">RELAT\u00d3RIO ANUAL 2019<\/a><\/p>\n<p>&nbsp;<\/p>\n<p><strong>ANUAL 2018<\/strong><\/p>\n<p><a href=\"https:\/\/www.ippasso.com.br\/site\/wp-content\/uploads\/2019\/09\/RELAT\u00d3RIO-ANUAL-2018.pdf\">RELAT\u00d3RIO ANUAL 2018<\/a><\/p>\n","protected":false},"excerpt":{"rendered":"<p>Clique nos links abaixo para acessar os relat\u00f3rios de investimentos mensais e anuais do IPPASSO: [&hellip;]<\/p>\n","protected":false},"author":1,"featured_media":0,"parent":0,"menu_order":0,"comment_status":"closed","ping_status":"closed","template":"","meta":[],"_links":{"self":[{"href":"https:\/\/www.ippasso.com.br\/site\/wp-json\/wp\/v2\/pages\/1014"}],"collection":[{"href":"https:\/\/www.ippasso.com.br\/site\/wp-json\/wp\/v2\/pages"}],"about":[{"href":"https:\/\/www.ippasso.com.br\/site\/wp-json\/wp\/v2\/types\/page"}],"author":[{"embeddable":true,"href":"https:\/\/www.ippasso.com.br\/site\/wp-json\/wp\/v2\/users\/1"}],"replies":[{"embeddable":true,"href":"https:\/\/www.ippasso.com.br\/site\/wp-json\/wp\/v2\/comments?post=1014"}],"version-history":[{"count":34,"href":"https:\/\/www.ippasso.com.br\/site\/wp-json\/wp\/v2\/pages\/1014\/revisions"}],"predecessor-version":[{"id":2979,"href":"https:\/\/www.ippasso.com.br\/site\/wp-json\/wp\/v2\/pages\/1014\/revisions\/2979"}],"wp:attachment":[{"href":"https:\/\/www.ippasso.com.br\/site\/wp-json\/wp\/v2\/media?parent=1014"}],"curies":[{"name":"wp","href":"https:\/\/api.w.org\/{rel}","templated":true}]}}